{"id":5720,"date":"2018-10-22T13:45:00","date_gmt":"2018-10-22T13:45:00","guid":{"rendered":"https:\/\/www.ekko-wp.com\/?page_id=5720"},"modified":"2026-01-19T19:28:38","modified_gmt":"2026-01-19T19:28:38","slug":"empresa","status":"publish","type":"page","link":"https:\/\/filtrosylubricantesbencal.cl\/ecommerce\/empresa\/","title":{"rendered":"Empresa"},"content":{"rendered":"<p>[vc_row full_width=&#8221;stretch_row&#8221; css=&#8221;.vc_custom_1539771905320{padding-top: 100px !important;padding-bottom: 80px !important;}&#8221;][vc_column css=&#8221;.vc_custom_1541586968176{padding-right: 40px !important;}&#8221; offset=&#8221;vc_col-lg-6&#8243;][vc_row_inner][vc_column_inner css=&#8221;.vc_custom_1541586958015{padding-right: 0px !important;padding-left: 0px !important;}&#8221;]<header class=\"kd-section-title col-lg-12 text-right  kd-animated fadeIn  \" data-animation-delay=200><h2 class=\"separator_off\" >Somos una empresa joven con un objetivo claro<\/h2><\/header>[\/vc_column_inner][\/vc_row_inner][vc_row_inner css=&#8221;.vc_custom_1539771982364{margin-top: 25px !important;}&#8221;][vc_column_inner width=&#8221;5\/12&#8243; offset=&#8221;vc_hidden-sm vc_hidden-xs&#8221;][\/vc_column_inner][vc_column_inner css=&#8221;.vc_custom_1541586981475{padding-right: 0px !important;}&#8221; offset=&#8221;vc_col-lg-7&#8243;][vc_custom_heading text=&#8221;Venta en terreno de insumos para mantenci\u00f3n de veh\u00edculos, maquinaria agr\u00edcola, forestal y transporte.&#8221; font_container=&#8221;tag:p|font_size:16px|text_align:right|line_height:1.6&#8243; use_theme_fonts=&#8221;yes&#8221; css_animation=&#8221;fadeIn&#8221;][\/vc_column_inner][\/vc_row_inner][\/vc_column][vc_column css=&#8221;.vc_custom_1541586975592{padding-left: 40px !important;}&#8221; offset=&#8221;vc_col-lg-6&#8243;][vc_custom_heading text=&#8221;As\u00ed como para el cuerpo humano los ex\u00e1menes peri\u00f3dicos son esenciales para prolongar la vida, un mantenimiento regular es esencial para mantener la seguridad y la confiabilidad de los equipos, tambi\u00e9n ayudan a eliminar los riesgos laborales.<br \/>\nServicios Bencal ofrece una variada gama de insumos y productos m\u00e1s servicios especializados en la mantenci\u00f3n de autom\u00f3viles, maquinaria agr\u00edcola, forestal y transporte.&#8221; font_container=&#8221;tag:p|font_size:18|text_align:left|line_height:1.6&#8243; use_theme_fonts=&#8221;yes&#8221; css_animation=&#8221;fadeIn&#8221; css=&#8221;.vc_custom_1650594312112{margin-top: 5px !important;}&#8221;][\/vc_column][\/vc_row][vc_row full_width=&#8221;stretch_row&#8221; css=&#8221;.vc_custom_1555687939497{background-color: #f5f5f5 !important;}&#8221;][vc_column][vc_row_inner css=&#8221;.vc_custom_1513720913586{padding-top: 100px !important;padding-right: 100px !important;padding-bottom: 80px !important;padding-left: 100px !important;}&#8221;][vc_column_inner width=&#8221;1\/2&#8243; css=&#8221;.vc_custom_1541584818078{padding-right: 20px !important;}&#8221;]<header class=\"kd-section-title col-lg-12 text-left  kd-animated fadeIn   vc_custom_1650594573002\" data-animation-delay=200><h2 class=\"separator_off\" >Servicios de calidad<\/h2><h6 class=\"subtitle \" >En ventas y servicios Bencal nuestra misi\u00f3n es esforzarnos en entregar el mejor servicio de productos en el \u00e1rea automotriz, agr\u00edcola, forestal y transporte en beneficio de nuestros clientes.<\/h6><\/header>[vc_empty_space height=&#8221;20px&#8221;][vc_single_image image=&#8221;7522&#8243; img_size=&#8221;full&#8221; alignment=&#8221;center&#8221; css_animation=&#8221;fadeIn&#8221; css=&#8221;.vc_custom_1649694073858{padding-right: 20px !important;}&#8221;][\/vc_column_inner][vc_column_inner width=&#8221;1\/2&#8243; css=&#8221;.vc_custom_1541584821670{padding-left: 20px !important;}&#8221;][vc_single_image image=&#8221;7519&#8243; img_size=&#8221;full&#8221; alignment=&#8221;center&#8221; css_animation=&#8221;fadeIn&#8221; css=&#8221;.vc_custom_1649693545586{padding-left: 20px !important;}&#8221;][vc_empty_space height=&#8221;40px&#8221;]<header class=\"kd-section-title col-lg-12 text-left  kd-animated fadeIn   vc_custom_1649693770101\" data-animation-delay=200><h2 class=\"separator_off\" >El presente es el futuro<\/h2><h6 class=\"subtitle \" >Como misi\u00f3n aspiramos a ser una empresa l\u00edder e innovadora en el mercado agr\u00edcola, forestal y automotriz satisfaciendo a los consumidores y clientes con productos de optima calidad, excelente servicios y personal profesional capacitado.<\/h6><\/header>[\/vc_column_inner][\/vc_row_inner][\/vc_column][\/vc_row][vc_row full_width=&#8221;stretch_row&#8221;][vc_column]<div class=\"kd-calltoaction no_icon \" >\n                <div class=\"container\">\n                  <div class=\"cta-text-container \" ><div class=\"cta-text\">\n                        <h3 >Contacta a nuestro equipo<\/h3><p >Proveemos de lo necesario para prevenir que su maquinaria y transporte falle y detenga el proceso e producci\u00f3n o log\u00edstica de su negocio.<\/p><\/div>\n                    <\/div>\n                    <div class=\"cta-btncontainer\"><a href=\"https:\/\/ventasyserviciosbencal.cl\/ecommerce\/contacto\/\"  title=\"Contacto\" class=\"tt_button tt_primary_button button-action-link btn_primary_color \" >Contactar<\/a><\/div>\n                <\/div>\n            <\/div>[\/vc_column][\/vc_row][vc_row full_width=&#8221;stretch_row&#8221; css=&#8221;.vc_custom_1555687851842{background-color: #f5f5f5 !important;}&#8221;][vc_column css=&#8221;.vc_custom_1516100816144{padding-right: 0px !important;padding-left: 0px !important;}&#8221;][vc_row_inner css=&#8221;.vc_custom_1541151131704{padding-top: 100px !important;padding-right: 15px !important;padding-bottom: 80px !important;padding-left: 15px !important;}&#8221;][vc_column_inner width=&#8221;5\/12&#8243; css=&#8221;.vc_custom_1555687922223{padding-top: 10px !important;padding-right: 130px !important;padding-left: 0px !important;}&#8221; offset=&#8221;vc_col-lg-5 vc_col-md-12&#8243;]<header class=\"kd-section-title col-lg-12 text-left  kd-animated fadeIn  \" data-animation-delay=200><h2 class=\"separator_off\" >Habilidades que posee nuestra empresa<\/h2><h6 class=\"subtitle \" >Estas son las habilidades con las que podemos asesorar tu empresa y evitar que tu flujo de negocio sea interrumpido.<\/h6><\/header>[\/vc_column_inner][vc_column_inner width=&#8221;7\/12&#8243; offset=&#8221;vc_col-lg-7 vc_col-md-12&#8243;]<div class=\"kd_progress_bar  \" ><div class=\"kd_progb_head\"><div class=\"kd-progb-static\"><div class=\"kd-progb-title\"><h4 >Mec\u00e1nica automotriz<\/h4><\/div><span class=\"kd_progressbarmarker\" >30%<\/span><\/div><\/div><div class=\"kd_progressbarfull thin-solid\">\n                  <div class=\"kd_progressbarfill\"  data-value=\"30\" data-time=\"2000\">\n                <\/div><\/div><div class=\"kd_progb_desc\"><\/div><\/div><div class=\"kd_progress_bar  \" ><div class=\"kd_progb_head\"><div class=\"kd-progb-static\"><div class=\"kd-progb-title\"><h4 >Electricidad<\/h4><\/div><span class=\"kd_progressbarmarker\" >80%<\/span><\/div><\/div><div class=\"kd_progressbarfull thin-solid\">\n                  <div class=\"kd_progressbarfill\"  data-value=\"80\" data-time=\"2000\">\n                <\/div><\/div><div class=\"kd_progb_desc\"><\/div><\/div><div class=\"kd_progress_bar  \" ><div class=\"kd_progb_head\"><div class=\"kd-progb-static\"><div class=\"kd-progb-title\"><h4 >Filtros y lubricantes<\/h4><\/div><span class=\"kd_progressbarmarker\" >100%<\/span><\/div><\/div><div class=\"kd_progressbarfull thin-solid\">\n                  <div class=\"kd_progressbarfill\"  data-value=\"100\" data-time=\"2000\">\n                <\/div><\/div><div class=\"kd_progb_desc\"><\/div><\/div><div class=\"kd_progress_bar  \" ><div class=\"kd_progb_head\"><div class=\"kd-progb-static\"><div class=\"kd-progb-title\"><h4 >Servicios a terreno<\/h4><\/div><span class=\"kd_progressbarmarker\" >100%<\/span><\/div><\/div><div class=\"kd_progressbarfull thin-solid\">\n                  <div class=\"kd_progressbarfill\"  data-value=\"100\" data-time=\"2000\">\n                <\/div><\/div><div class=\"kd_progb_desc\"><\/div><\/div>[\/vc_column_inner][\/vc_row_inner][\/vc_column][\/vc_row]<\/p>\n","protected":false},"excerpt":{"rendered":"<p>[vc_row full_width=&#8221;stretch_row&#8221; css=&#8221;.vc_custom_1539771905320{padding-top: 100px !important;padding-bottom: 80px !important;}&#8221;][vc_column css=&#8221;.vc_custom_1541586968176{padding-right: 40px !important;}&#8221; offset=&#8221;vc_col-lg-6&#8243;][vc_row_inner][vc_column_inner css=&#8221;.vc_custom_1541586958015{padding-right: 0px !important;padding-left: 0px !important;}&#8221;][\/vc_column_inner][\/vc_row_inner][vc_row_inner css=&#8221;.vc_custom_1539771982364{margin-top: 25px !important;}&#8221;][vc_column_inner width=&#8221;5\/12&#8243; [&hellip;]<\/p>\n","protected":false},"author":1,"featured_media":8509,"parent":0,"menu_order":0,"comment_status":"closed","ping_status":"closed","template":"","meta":{"_joinchat":[],"footnotes":""},"class_list":["post-5720","page","type-page","status-publish","has-post-thumbnail","hentry"],"_links":{"self":[{"href":"https:\/\/filtrosylubricantesbencal.cl\/ecommerce\/wp-json\/wp\/v2\/pages\/5720","targetHints":{"allow":["GET"]}}],"collection":[{"href":"https:\/\/filtrosylubricantesbencal.cl\/ecommerce\/wp-json\/wp\/v2\/pages"}],"about":[{"href":"https:\/\/filtrosylubricantesbencal.cl\/ecommerce\/wp-json\/wp\/v2\/types\/page"}],"author":[{"embeddable":true,"href":"https:\/\/filtrosylubricantesbencal.cl\/ecommerce\/wp-json\/wp\/v2\/users\/1"}],"replies":[{"embeddable":true,"href":"https:\/\/filtrosylubricantesbencal.cl\/ecommerce\/wp-json\/wp\/v2\/comments?post=5720"}],"version-history":[{"count":25,"href":"https:\/\/filtrosylubricantesbencal.cl\/ecommerce\/wp-json\/wp\/v2\/pages\/5720\/revisions"}],"predecessor-version":[{"id":8495,"href":"https:\/\/filtrosylubricantesbencal.cl\/ecommerce\/wp-json\/wp\/v2\/pages\/5720\/revisions\/8495"}],"wp:featuredmedia":[{"embeddable":true,"href":"https:\/\/filtrosylubricantesbencal.cl\/ecommerce\/wp-json\/wp\/v2\/media\/8509"}],"wp:attachment":[{"href":"https:\/\/filtrosylubricantesbencal.cl\/ecommerce\/wp-json\/wp\/v2\/media?parent=5720"}],"curies":[{"name":"wp","href":"https:\/\/api.w.org\/{rel}","templated":true}]}}