{"id":5736,"date":"2018-10-22T13:46:53","date_gmt":"2018-10-22T13:46:53","guid":{"rendered":"https:\/\/www.ekko-wp.com\/?page_id=5736"},"modified":"2026-02-11T17:42:26","modified_gmt":"2026-02-11T17:42:26","slug":"servicios","status":"publish","type":"page","link":"https:\/\/filtrosylubricantesbencal.cl\/ecommerce\/servicios\/","title":{"rendered":"Servicios"},"content":{"rendered":"<p>[vc_row full_width=&#8221;stretch_row&#8221; css=&#8221;.vc_custom_1539776850139{padding-top: 100px !important;padding-bottom: 90px !important;}&#8221;][vc_column css=&#8221;.vc_custom_1541587114185{padding-right: 40px !important;padding-left: 30px !important;}&#8221; offset=&#8221;vc_col-lg-6&#8243;][vc_row_inner][vc_column_inner css=&#8221;.vc_custom_1541587107649{padding-right: 0px !important;padding-left: 0px !important;}&#8221;]<header class=\"kd-section-title col-lg-12 text-right  kd-animated fadeIn  \" data-animation-delay=200><h2 class=\"separator_off\" >Venta de lubricantes, filtros, baterias y articulos de ferreteria Industrial.<\/h2><\/header>[\/vc_column_inner][\/vc_row_inner][vc_row_inner css=&#8221;.vc_custom_1555676127222{margin-top: 30px !important;}&#8221;][vc_column_inner width=&#8221;5\/12&#8243; offset=&#8221;vc_hidden-md vc_hidden-sm vc_hidden-xs&#8221;][\/vc_column_inner][vc_column_inner offset=&#8221;vc_col-lg-7&#8243; css=&#8221;.vc_custom_1541587121546{padding-right: 0px !important;}&#8221;][vc_custom_heading text=&#8221;Insumos y accesorios para la mantenci\u00f3n automotriz, maquinaria agr\u00edcola, forestal y transporte.&#8221; font_container=&#8221;tag:p|font_size:16|text_align:right&#8221; use_theme_fonts=&#8221;yes&#8221; css_animation=&#8221;fadeIn&#8221;][\/vc_column_inner][\/vc_row_inner][\/vc_column][vc_column css=&#8221;.vc_custom_1541587225605{margin-top: 7px !important;padding-right: 115px !important;padding-left: 30px !important;}&#8221; offset=&#8221;vc_col-lg-6 vc_hidden-md vc_hidden-sm&#8221;]<div class=\"key-icon-box icon-default  cont-left ib-no-effect  kd-animated fadeInUp\" style=\"background-color: transparent;\" ><h6 class=\"service-heading\" >Lubricantes de alto rendimiento<\/h6><p >Trabajamos con marcas reconocidas a nivel mundial como Valvoline, Mobil, Repsol, Total, Petronas y Williams.<\/p><\/div>[vc_empty_space height=&#8221;40px&#8221;]<div class=\"key-icon-box icon-default  cont-left ib-no-effect  kd-animated fadeInUp\" style=\"background-color: transparent;\" data-animation-delay=200><h6 class=\"service-heading\" >Filtros para veh\u00edculos y maquinaria pesada<\/h6><p >Filtros y accesorios para maquinaria agr\u00edcola y forestal, donde trabajamos marcas como  Fleetguard, Donaldson, Tecfil, Turbo y Mann.<\/p><\/div>[vc_empty_space height=&#8221;40px&#8221;]<div class=\"key-icon-box icon-default  cont-left ib-no-effect  kd-animated fadeInUp\" style=\"background-color: transparent;\" data-animation-delay=400><h6 class=\"service-heading\" >Bater\u00edas de alto desempe\u00f1o y suministros de ferreter\u00eda industrial<\/h6><p >Desde neum\u00e1ticos, amortiguadores y herramientas de taller, contamos con productos confiables que aseguran mayor durabilidad y rendimiento en tus equipos.<\/p><\/div>[\/vc_column][\/vc_row][vc_row full_width=&#8221;stretch_row&#8221; css=&#8221;.vc_custom_1555676250559{margin-top: 20px !important;border-top-width: 1px !important;border-bottom-width: 1px !important;border-top-color: #eaeaea !important;border-top-style: solid !important;border-bottom-color: #eaeaea !important;border-bottom-style: solid !important;}&#8221;][vc_column][vc_row_inner css=&#8221;.vc_custom_1513764983907{padding-top: 100px !important;padding-bottom: 100px !important;}&#8221;][vc_column_inner width=&#8221;1\/3&#8243;]<div class=\"kd_counter icon-top   \" ><div class=\"kd_counter_content\"><h4 class=\"kd_counter_number\"><span class=\"kd_number_string\"  data-from=\"0\" data-to=\"230\" data-refresh-interval=\"50\" >0<\/span>\n                                  <span class=\"kd_counter_units\" >Clientes<\/span><\/h4><\/div><\/div>[\/vc_column_inner][vc_column_inner width=&#8221;1\/3&#8243;]<div class=\"kd_counter icon-top   \" ><div class=\"kd_counter_content\"><h4 class=\"kd_counter_number\"><span class=\"kd_number_string\"  data-from=\"0\" data-to=\"200\" data-refresh-interval=\"50\" >0<\/span>\n                                  <span class=\"kd_counter_units\" >Horas capacitaci\u00f3n<\/span><\/h4><\/div><\/div>[\/vc_column_inner][vc_column_inner width=&#8221;1\/3&#8243;]<div class=\"kd_counter icon-top   \" ><div class=\"kd_counter_content\"><h4 class=\"kd_counter_number\"><span class=\"kd_number_string\"  data-from=\"0\" data-to=\"150\" data-refresh-interval=\"50\" >0<\/span>\n                                  <span class=\"kd_counter_units\" >Insumos<\/span><\/h4><\/div><\/div>[\/vc_column_inner][\/vc_row_inner][\/vc_column][\/vc_row][vc_row full_width=&#8221;stretch_row&#8221; css=&#8221;.vc_custom_1555676419208{border-top-width: 1px !important;border-top-color: #eaeaea !important;border-top-style: solid !important;}&#8221;][vc_column][vc_row_inner css=&#8221;.vc_custom_1550581306543{padding-top: 100px !important;padding-bottom: 100px !important;}&#8221;][vc_column_inner]<div class=\"slider clients lift-effect kd-client-69e304a8d47f5 black-navigation \"><div class=\"clients-content kd-animated zoomIn\" data-animation-delay=200><img decoding=\"async\" width=\"150\" height=\"50\" src=\"https:\/\/filtrosylubricantesbencal.cl\/ecommerce\/wp-content\/uploads\/2022\/04\/mobil.png\" class=\"attachment-full\" alt=\"\" \/><\/div><div class=\"clients-content kd-animated zoomIn\" data-animation-delay=200><img decoding=\"async\" width=\"150\" height=\"50\" src=\"https:\/\/filtrosylubricantesbencal.cl\/ecommerce\/wp-content\/uploads\/2022\/04\/jon.jpg\" class=\"attachment-full\" alt=\"\" \/><\/div><div class=\"clients-content kd-animated zoomIn\" data-animation-delay=200><img decoding=\"async\" width=\"150\" height=\"50\" src=\"https:\/\/filtrosylubricantesbencal.cl\/ecommerce\/wp-content\/uploads\/2022\/04\/mann.png\" class=\"attachment-full\" alt=\"\" \/><\/div><div class=\"clients-content kd-animated zoomIn\" data-animation-delay=200><img loading=\"lazy\" decoding=\"async\" width=\"150\" height=\"50\" src=\"https:\/\/filtrosylubricantesbencal.cl\/ecommerce\/wp-content\/uploads\/2022\/04\/federal.png\" class=\"attachment-full\" alt=\"\" \/><\/div><div class=\"clients-content kd-animated zoomIn\" data-animation-delay=200><img loading=\"lazy\" decoding=\"async\" width=\"150\" height=\"50\" src=\"https:\/\/filtrosylubricantesbencal.cl\/ecommerce\/wp-content\/uploads\/2022\/04\/goodyear.png\" class=\"attachment-full\" alt=\"\" \/><\/div><div class=\"clients-content kd-animated zoomIn\" data-animation-delay=200><img loading=\"lazy\" decoding=\"async\" width=\"150\" height=\"50\" src=\"https:\/\/filtrosylubricantesbencal.cl\/ecommerce\/wp-content\/uploads\/2022\/04\/same.png\" class=\"attachment-full\" alt=\"\" \/><\/div><div class=\"clients-content kd-animated zoomIn\" data-animation-delay=200><img loading=\"lazy\" decoding=\"async\" width=\"150\" height=\"50\" src=\"https:\/\/filtrosylubricantesbencal.cl\/ecommerce\/wp-content\/uploads\/2022\/04\/tecfil.png\" class=\"attachment-full\" alt=\"\" \/><\/div><div class=\"clients-content kd-animated zoomIn\" data-animation-delay=200><img loading=\"lazy\" decoding=\"async\" width=\"150\" height=\"50\" src=\"https:\/\/filtrosylubricantesbencal.cl\/ecommerce\/wp-content\/uploads\/2022\/04\/lucas.png\" class=\"attachment-full\" alt=\"\" \/><\/div><div class=\"clients-content kd-animated zoomIn\" data-animation-delay=200><img loading=\"lazy\" decoding=\"async\" width=\"150\" height=\"50\" src=\"https:\/\/filtrosylubricantesbencal.cl\/ecommerce\/wp-content\/uploads\/2022\/04\/hank.png\" class=\"attachment-full\" alt=\"\" \/><\/div><div class=\"clients-content kd-animated zoomIn\" data-animation-delay=200><img loading=\"lazy\" decoding=\"async\" width=\"150\" height=\"50\" src=\"https:\/\/filtrosylubricantesbencal.cl\/ecommerce\/wp-content\/uploads\/2022\/04\/feed.png\" class=\"attachment-full\" alt=\"\" \/><\/div><div class=\"clients-content kd-animated zoomIn\" data-animation-delay=200><img loading=\"lazy\" decoding=\"async\" width=\"150\" height=\"50\" src=\"https:\/\/filtrosylubricantesbencal.cl\/ecommerce\/wp-content\/uploads\/2022\/04\/etna.png\" class=\"attachment-full\" alt=\"\" \/><\/div><div class=\"clients-content kd-animated zoomIn\" data-animation-delay=200><img loading=\"lazy\" decoding=\"async\" width=\"150\" height=\"50\" src=\"https:\/\/filtrosylubricantesbencal.cl\/ecommerce\/wp-content\/uploads\/2022\/04\/castrol.png\" class=\"attachment-full\" alt=\"\" \/><\/div><\/div><script type=\"text\/javascript\">\r\n              jQuery(document).ready(function($){\r\n                if ($(\".slider.clients.kd-client-69e304a8d47f5\").length) {\r\n                  $(\".slider.clients.kd-client-69e304a8d47f5\").owlCarousel({\r\n                    stageClass: \"owl-wrapper\",\r\n                    stageOuterClass: \"owl-wrapper-outer\",\r\n                    loadedClass: \"owl-carousel\",\r\n                    responsiveClass:true,\r\n                    responsive:{\r\n                      0:{\r\n                          items:1,nav: true,\r\n                            navSpeed: 500,\r\n                            dots: false,},\r\n                      415:{\r\n                          items:3,nav: true,\r\n                            navSpeed: 500,\r\n                            dots: false,},\r\n                      960:{\r\n                          items:5,nav: true,\r\n                              navSpeed: 500,\r\n                              dots: false,}\r\n                    },loop: true,autoplay: true,autoplayTimeout: 6000,autoplayHoverPause: true,\r\n                  });\r\n                }\r\n              });\r\n            <\/script>[\/vc_column_inner][\/vc_row_inner][\/vc_column][\/vc_row]<\/p>\n","protected":false},"excerpt":{"rendered":"<p>[vc_row full_width=&#8221;stretch_row&#8221; css=&#8221;.vc_custom_1539776850139{padding-top: 100px !important;padding-bottom: 90px !important;}&#8221;][vc_column css=&#8221;.vc_custom_1541587114185{padding-right: 40px !important;padding-left: 30px !important;}&#8221; offset=&#8221;vc_col-lg-6&#8243;][vc_row_inner][vc_column_inner css=&#8221;.vc_custom_1541587107649{padding-right: 0px !important;padding-left: 0px !important;}&#8221;][\/vc_column_inner][\/vc_row_inner][vc_row_inner css=&#8221;.vc_custom_1555676127222{margin-top: 30px [&hellip;]<\/p>\n","protected":false},"author":1,"featured_media":8504,"parent":0,"menu_order":0,"comment_status":"closed","ping_status":"closed","template":"","meta":{"_joinchat":[],"footnotes":""},"class_list":["post-5736","page","type-page","status-publish","has-post-thumbnail","hentry"],"_links":{"self":[{"href":"https:\/\/filtrosylubricantesbencal.cl\/ecommerce\/wp-json\/wp\/v2\/pages\/5736","targetHints":{"allow":["GET"]}}],"collection":[{"href":"https:\/\/filtrosylubricantesbencal.cl\/ecommerce\/wp-json\/wp\/v2\/pages"}],"about":[{"href":"https:\/\/filtrosylubricantesbencal.cl\/ecommerce\/wp-json\/wp\/v2\/types\/page"}],"author":[{"embeddable":true,"href":"https:\/\/filtrosylubricantesbencal.cl\/ecommerce\/wp-json\/wp\/v2\/users\/1"}],"replies":[{"embeddable":true,"href":"https:\/\/filtrosylubricantesbencal.cl\/ecommerce\/wp-json\/wp\/v2\/comments?post=5736"}],"version-history":[{"count":20,"href":"https:\/\/filtrosylubricantesbencal.cl\/ecommerce\/wp-json\/wp\/v2\/pages\/5736\/revisions"}],"predecessor-version":[{"id":8728,"href":"https:\/\/filtrosylubricantesbencal.cl\/ecommerce\/wp-json\/wp\/v2\/pages\/5736\/revisions\/8728"}],"wp:featuredmedia":[{"embeddable":true,"href":"https:\/\/filtrosylubricantesbencal.cl\/ecommerce\/wp-json\/wp\/v2\/media\/8504"}],"wp:attachment":[{"href":"https:\/\/filtrosylubricantesbencal.cl\/ecommerce\/wp-json\/wp\/v2\/media?parent=5736"}],"curies":[{"name":"wp","href":"https:\/\/api.w.org\/{rel}","templated":true}]}}