{"id":3748,"date":"2018-09-06T13:27:16","date_gmt":"2018-09-06T13:27:16","guid":{"rendered":"https:\/\/www.ekko-wp.com\/product\/import-placeholder-for-3304\/"},"modified":"2022-05-23T03:37:58","modified_gmt":"2022-05-23T03:37:58","slug":"filtro-mann-w67-80-kia-hyundai-etc","status":"publish","type":"product","link":"https:\/\/filtrosylubricantesbencal.cl\/ecommerce\/product\/filtro-mann-w67-80-kia-hyundai-etc\/","title":{"rendered":"Filtro W67\/80"},"content":{"rendered":"<p>MANN-FILTER ofrece equipos originales desde hace m\u00e1s de 70 a\u00f1os. Todos nuestros productos se fabrican de acuerdo con las \u00faltimas normas internacionales de fabricaci\u00f3n y especificaciones de la industria de la automoci\u00f3n Para este fin se aplica un est\u00e1ndar de calidad global: la calidad de equipo original.<\/p>\n<p>Por ello, conductores de todo el mundo conf\u00edan en MANN-FILTER, la marca de filtros premium del mercado independiente de recambios.<\/p>\n","protected":false},"excerpt":{"rendered":"<p>Marca mann<br \/>\nModelo Filtec<br \/>\nN\u00famero de pieza 67\/80<br \/>\nOtros<br \/>\nTipo de filtro de aceite: Blindado<\/p>\n","protected":false},"featured_media":7719,"comment_status":"open","ping_status":"closed","template":"","meta":{"_joinchat":[]},"product_brand":[],"product_cat":[36],"product_tag":[],"class_list":{"0":"post-3748","1":"product","2":"type-product","3":"status-publish","4":"has-post-thumbnail","6":"product_cat-filtros","8":"first","9":"instock","10":"shipping-taxable","11":"purchasable","12":"product-type-simple"},"_links":{"self":[{"href":"https:\/\/filtrosylubricantesbencal.cl\/ecommerce\/wp-json\/wp\/v2\/product\/3748","targetHints":{"allow":["GET"]}}],"collection":[{"href":"https:\/\/filtrosylubricantesbencal.cl\/ecommerce\/wp-json\/wp\/v2\/product"}],"about":[{"href":"https:\/\/filtrosylubricantesbencal.cl\/ecommerce\/wp-json\/wp\/v2\/types\/product"}],"replies":[{"embeddable":true,"href":"https:\/\/filtrosylubricantesbencal.cl\/ecommerce\/wp-json\/wp\/v2\/comments?post=3748"}],"wp:featuredmedia":[{"embeddable":true,"href":"https:\/\/filtrosylubricantesbencal.cl\/ecommerce\/wp-json\/wp\/v2\/media\/7719"}],"wp:attachment":[{"href":"https:\/\/filtrosylubricantesbencal.cl\/ecommerce\/wp-json\/wp\/v2\/media?parent=3748"}],"wp:term":[{"taxonomy":"product_brand","embeddable":true,"href":"https:\/\/filtrosylubricantesbencal.cl\/ecommerce\/wp-json\/wp\/v2\/product_brand?post=3748"},{"taxonomy":"product_cat","embeddable":true,"href":"https:\/\/filtrosylubricantesbencal.cl\/ecommerce\/wp-json\/wp\/v2\/product_cat?post=3748"},{"taxonomy":"product_tag","embeddable":true,"href":"https:\/\/filtrosylubricantesbencal.cl\/ecommerce\/wp-json\/wp\/v2\/product_tag?post=3748"}],"curies":[{"name":"wp","href":"https:\/\/api.w.org\/{rel}","templated":true}]}}