{"id":7954,"date":"2022-06-26T00:13:06","date_gmt":"2022-06-26T00:13:06","guid":{"rendered":"https:\/\/ventasyserviciosbencal.cl\/ecommerce\/?post_type=product&#038;p=7954"},"modified":"2022-06-26T00:13:06","modified_gmt":"2022-06-26T00:13:06","slug":"filtro-hp2528","status":"publish","type":"product","link":"https:\/\/filtrosylubricantesbencal.cl\/ecommerce\/product\/filtro-hp2528\/","title":{"rendered":"FILTRO HP2528"},"content":{"rendered":"<p>CARACTERISTICAS TECNICAS:<\/p>\n<p>Filtro de Aire Fil Filter es un elemento fundamental para el funcionamiento del veh\u00edculo. Su misi\u00f3n es retener la mayor cantidad de impurezas y agentes contaminantes que puedan ingresar al interior del circuito de admisi\u00f3n del motor, evitando que la c\u00e1mara de combusti\u00f3n se contamine y que las paredes de los cilindros se degraden.<br \/>\nEste art\u00edculo se sit\u00faa al principio del sistema de admisi\u00f3n y es necesario reemplazarlo por uno nuevo de manera peri\u00f3dica, ya que un filtro de aire sucio podr\u00eda provocar problemas en la c\u00e1mara de combusti\u00f3n y, como consecuencia, la disminuci\u00f3n de la potencia del motor y el aumento de consumo de combustible.<\/p>\n","protected":false},"excerpt":{"rendered":"<p>FILTRO AIRE INETRIOR HP2528 FIL-FILTER<\/p>\n","protected":false},"featured_media":7955,"comment_status":"open","ping_status":"closed","template":"","meta":{"_joinchat":[]},"product_brand":[],"product_cat":[36],"product_tag":[],"class_list":{"0":"post-7954","1":"product","2":"type-product","3":"status-publish","4":"has-post-thumbnail","6":"product_cat-filtros","8":"first","9":"instock","10":"shipping-taxable","11":"purchasable","12":"product-type-simple"},"_links":{"self":[{"href":"https:\/\/filtrosylubricantesbencal.cl\/ecommerce\/wp-json\/wp\/v2\/product\/7954","targetHints":{"allow":["GET"]}}],"collection":[{"href":"https:\/\/filtrosylubricantesbencal.cl\/ecommerce\/wp-json\/wp\/v2\/product"}],"about":[{"href":"https:\/\/filtrosylubricantesbencal.cl\/ecommerce\/wp-json\/wp\/v2\/types\/product"}],"replies":[{"embeddable":true,"href":"https:\/\/filtrosylubricantesbencal.cl\/ecommerce\/wp-json\/wp\/v2\/comments?post=7954"}],"wp:featuredmedia":[{"embeddable":true,"href":"https:\/\/filtrosylubricantesbencal.cl\/ecommerce\/wp-json\/wp\/v2\/media\/7955"}],"wp:attachment":[{"href":"https:\/\/filtrosylubricantesbencal.cl\/ecommerce\/wp-json\/wp\/v2\/media?parent=7954"}],"wp:term":[{"taxonomy":"product_brand","embeddable":true,"href":"https:\/\/filtrosylubricantesbencal.cl\/ecommerce\/wp-json\/wp\/v2\/product_brand?post=7954"},{"taxonomy":"product_cat","embeddable":true,"href":"https:\/\/filtrosylubricantesbencal.cl\/ecommerce\/wp-json\/wp\/v2\/product_cat?post=7954"},{"taxonomy":"product_tag","embeddable":true,"href":"https:\/\/filtrosylubricantesbencal.cl\/ecommerce\/wp-json\/wp\/v2\/product_tag?post=7954"}],"curies":[{"name":"wp","href":"https:\/\/api.w.org\/{rel}","templated":true}]}}