{"id":7956,"date":"2022-06-26T00:20:07","date_gmt":"2022-06-26T00:20:07","guid":{"rendered":"https:\/\/ventasyserviciosbencal.cl\/ecommerce\/?post_type=product&#038;p=7956"},"modified":"2025-10-14T12:42:41","modified_gmt":"2025-10-14T12:42:41","slug":"filtro-c15300","status":"publish","type":"product","link":"https:\/\/filtrosylubricantesbencal.cl\/ecommerce\/product\/filtro-c15300\/","title":{"rendered":"FILTRO C15300"},"content":{"rendered":"<p>USO:<\/p>\n<ul>\n<li>MAQUINARIA AGRICOLA<\/li>\n<li>GRUPO ELECTROGENO<\/li>\n<li>OTROS<\/li>\n<\/ul>\n<div class=\"cmp-product__description\">\n<div class=\"cmp-product__description-text richText__root\" role=\"description\">\n<div class=\"cmp-text comp-text--standard\">\n<p class=\"cmp-text__paragraph\">\u00a0 \u00a0 \u00a0 \u00a0 \u00a0 Filtros de aire de alta calidad MANN-FILTER para un aire de admisi\u00f3n limpio &#8211; protecci\u00f3n \u00f3ptima para el motor, el sensor de masa de aire y otros componentes sensibles \/ Cumplen con los requisitos de la moderna tecnolog\u00eda del motor. Una elevada retenci\u00f3n y eficacia de separaci\u00f3n de suciedad, baja resistencia al flujo y alta estabilidad de pliegue garantizan fiabilidad funcional durante todo el intervalo de mantenimiento.<\/p>\n<p>&nbsp;<\/p>\n<\/div>\n<\/div>\n<\/div>\n<div class=\"cmp-product__summary\">\n<div class=\"cmp-text\">\n<ul>\n<li>A = 149 mm; B = 84 mm; H = 360 mm<\/li>\n<li>EUROPICLON<\/li>\n<\/ul>\n<\/div>\n<\/div>\n","protected":false},"excerpt":{"rendered":"<p>FILTRO AIRE EXTERIOR C15300 MANN<\/p>\n","protected":false},"featured_media":8465,"comment_status":"open","ping_status":"closed","template":"","meta":{"_joinchat":[]},"product_brand":[],"product_cat":[36],"product_tag":[],"class_list":{"0":"post-7956","1":"product","2":"type-product","3":"status-publish","4":"has-post-thumbnail","6":"product_cat-filtros","8":"first","9":"instock","10":"shipping-taxable","11":"purchasable","12":"product-type-simple"},"_links":{"self":[{"href":"https:\/\/filtrosylubricantesbencal.cl\/ecommerce\/wp-json\/wp\/v2\/product\/7956","targetHints":{"allow":["GET"]}}],"collection":[{"href":"https:\/\/filtrosylubricantesbencal.cl\/ecommerce\/wp-json\/wp\/v2\/product"}],"about":[{"href":"https:\/\/filtrosylubricantesbencal.cl\/ecommerce\/wp-json\/wp\/v2\/types\/product"}],"replies":[{"embeddable":true,"href":"https:\/\/filtrosylubricantesbencal.cl\/ecommerce\/wp-json\/wp\/v2\/comments?post=7956"}],"wp:featuredmedia":[{"embeddable":true,"href":"https:\/\/filtrosylubricantesbencal.cl\/ecommerce\/wp-json\/wp\/v2\/media\/8465"}],"wp:attachment":[{"href":"https:\/\/filtrosylubricantesbencal.cl\/ecommerce\/wp-json\/wp\/v2\/media?parent=7956"}],"wp:term":[{"taxonomy":"product_brand","embeddable":true,"href":"https:\/\/filtrosylubricantesbencal.cl\/ecommerce\/wp-json\/wp\/v2\/product_brand?post=7956"},{"taxonomy":"product_cat","embeddable":true,"href":"https:\/\/filtrosylubricantesbencal.cl\/ecommerce\/wp-json\/wp\/v2\/product_cat?post=7956"},{"taxonomy":"product_tag","embeddable":true,"href":"https:\/\/filtrosylubricantesbencal.cl\/ecommerce\/wp-json\/wp\/v2\/product_tag?post=7956"}],"curies":[{"name":"wp","href":"https:\/\/api.w.org\/{rel}","templated":true}]}}