{"id":8013,"date":"2022-06-27T18:17:54","date_gmt":"2022-06-27T18:17:54","guid":{"rendered":"https:\/\/ventasyserviciosbencal.cl\/ecommerce\/?post_type=product&#038;p=8013"},"modified":"2025-02-12T22:41:31","modified_gmt":"2025-02-12T22:41:31","slug":"filtro-w67-81","status":"publish","type":"product","link":"https:\/\/filtrosylubricantesbencal.cl\/ecommerce\/product\/filtro-w67-81\/","title":{"rendered":"FILTRO ACEITE W67\/81"},"content":{"rendered":"<div class=\"wDYxhc\" lang=\"es-CL\" data-md=\"83\">\n<div class=\"di3YZe\">\n<div class=\"RqBzHd\">\n<ul class=\"i8Z77e\">\n<li class=\"TrT0Xe\">Tipo de\u00a0<b>filtro<\/b>:\u00a0<b>Filtro<\/b>\u00a0enroscable.<\/li>\n<li class=\"TrT0Xe\">Altura [mm]: 142.<\/li>\n<li class=\"TrT0Xe\">Medida de rosca: 3\/4-16 UNF.<\/li>\n<li class=\"TrT0Xe\">presi\u00f3n apertura v\u00e1lvula de desviaci\u00f3n [bar]: 0,7.<\/li>\n<li class=\"TrT0Xe\">N\u00ba art. herramienta recomendada: LS 9.<\/li>\n<li class=\"TrT0Xe\">Art\u00edculo complementario \/ informaci\u00f3n complementaria 2: con v\u00e1lvula bloqueo de retorno.<\/li>\n<li class=\"TrT0Xe\">Di\u00e1metro [mm]: 93.<\/li>\n<li class=\"TrT0Xe\">Di\u00e1metro exterior 2 [mm]: 71.<\/li>\n<\/ul>\n<div class=\"u9iNfb\"><\/div>\n<\/div>\n<\/div>\n<\/div>\n<div class=\"g\">\n<div lang=\"es\" data-hveid=\"CAcQAA\" data-ved=\"2ahUKEwi58aannc74AhVbL7kGHWc6A0QQFSgAegQIBxAA\">\n<div class=\"tF2Cxc\"><\/div>\n<\/div>\n<\/div>\n","protected":false},"excerpt":{"rendered":"<h1><span class=\"title\">MANN-FILTER W 67\/81 Filtro de aceite<\/span><\/h1>\n","protected":false},"featured_media":8014,"comment_status":"open","ping_status":"closed","template":"","meta":{"_joinchat":[]},"product_brand":[],"product_cat":[36],"product_tag":[],"class_list":{"0":"post-8013","1":"product","2":"type-product","3":"status-publish","4":"has-post-thumbnail","6":"product_cat-filtros","8":"first","9":"outofstock","10":"shipping-taxable","11":"purchasable","12":"product-type-simple"},"_links":{"self":[{"href":"https:\/\/filtrosylubricantesbencal.cl\/ecommerce\/wp-json\/wp\/v2\/product\/8013","targetHints":{"allow":["GET"]}}],"collection":[{"href":"https:\/\/filtrosylubricantesbencal.cl\/ecommerce\/wp-json\/wp\/v2\/product"}],"about":[{"href":"https:\/\/filtrosylubricantesbencal.cl\/ecommerce\/wp-json\/wp\/v2\/types\/product"}],"replies":[{"embeddable":true,"href":"https:\/\/filtrosylubricantesbencal.cl\/ecommerce\/wp-json\/wp\/v2\/comments?post=8013"}],"wp:featuredmedia":[{"embeddable":true,"href":"https:\/\/filtrosylubricantesbencal.cl\/ecommerce\/wp-json\/wp\/v2\/media\/8014"}],"wp:attachment":[{"href":"https:\/\/filtrosylubricantesbencal.cl\/ecommerce\/wp-json\/wp\/v2\/media?parent=8013"}],"wp:term":[{"taxonomy":"product_brand","embeddable":true,"href":"https:\/\/filtrosylubricantesbencal.cl\/ecommerce\/wp-json\/wp\/v2\/product_brand?post=8013"},{"taxonomy":"product_cat","embeddable":true,"href":"https:\/\/filtrosylubricantesbencal.cl\/ecommerce\/wp-json\/wp\/v2\/product_cat?post=8013"},{"taxonomy":"product_tag","embeddable":true,"href":"https:\/\/filtrosylubricantesbencal.cl\/ecommerce\/wp-json\/wp\/v2\/product_tag?post=8013"}],"curies":[{"name":"wp","href":"https:\/\/api.w.org\/{rel}","templated":true}]}}