{"id":8015,"date":"2022-06-27T18:22:19","date_gmt":"2022-06-27T18:22:19","guid":{"rendered":"https:\/\/ventasyserviciosbencal.cl\/ecommerce\/?post_type=product&#038;p=8015"},"modified":"2023-09-26T17:48:27","modified_gmt":"2023-09-26T17:48:27","slug":"filtro-w67-88","status":"publish","type":"product","link":"https:\/\/filtrosylubricantesbencal.cl\/ecommerce\/product\/filtro-w67-88\/","title":{"rendered":"FILTRO ACEITE W67\/88"},"content":{"rendered":"<div class=\"woocommerce-product-details__short-description\">\n<p>FILTRO ACEITE MANN-FILTER LONG LIFE W 67\/88 = W 67\/80<\/p>\n<p>MAZDA mod.: 323 1.5 89-&gt;, 323 1.6i 93-&gt;, Miata ; Nro Parte: B6Y1-14302,<br \/>\nSUBARU mod.: Justy 1.0, 1.2, 87-&gt;, Nro. Parte: 15208-KA000<\/p>\n<hr \/>\n<p><strong>Dimensiones (mm)<\/strong><\/p>\n<p>A: 65<br \/>\nB: 54.5<br \/>\nC: 62<br \/>\nG: M 20 X 1.5 \u2013 6H<br \/>\nH: 68<br \/>\nUGV 1: 1.00<\/p>\n<p>1.- Presi\u00f3n de apertura v\u00e1lvula de derivaci\u00f3n (bar)<br \/>\n* V\u00e1lvula antirretorno<\/p>\n<hr \/>\n<\/div>\n<div class=\"product_meta\">55<\/div>\n","protected":false},"excerpt":{"rendered":"<h1 class=\"product_title entry-title\">FILTRO ACEITE MANN<\/h1>\n<h1 class=\"product_title entry-title\">W 67\/88 REEMPLAZA<\/h1>\n<h1><\/h1>\n<h1 class=\"product_title entry-title\">W67\/80<\/h1>\n","protected":false},"featured_media":8014,"comment_status":"open","ping_status":"closed","template":"","meta":{"_joinchat":[]},"product_brand":[],"product_cat":[36],"product_tag":[],"class_list":{"0":"post-8015","1":"product","2":"type-product","3":"status-publish","4":"has-post-thumbnail","6":"product_cat-filtros","8":"first","9":"instock","10":"shipping-taxable","11":"purchasable","12":"product-type-simple"},"_links":{"self":[{"href":"https:\/\/filtrosylubricantesbencal.cl\/ecommerce\/wp-json\/wp\/v2\/product\/8015","targetHints":{"allow":["GET"]}}],"collection":[{"href":"https:\/\/filtrosylubricantesbencal.cl\/ecommerce\/wp-json\/wp\/v2\/product"}],"about":[{"href":"https:\/\/filtrosylubricantesbencal.cl\/ecommerce\/wp-json\/wp\/v2\/types\/product"}],"replies":[{"embeddable":true,"href":"https:\/\/filtrosylubricantesbencal.cl\/ecommerce\/wp-json\/wp\/v2\/comments?post=8015"}],"wp:featuredmedia":[{"embeddable":true,"href":"https:\/\/filtrosylubricantesbencal.cl\/ecommerce\/wp-json\/wp\/v2\/media\/8014"}],"wp:attachment":[{"href":"https:\/\/filtrosylubricantesbencal.cl\/ecommerce\/wp-json\/wp\/v2\/media?parent=8015"}],"wp:term":[{"taxonomy":"product_brand","embeddable":true,"href":"https:\/\/filtrosylubricantesbencal.cl\/ecommerce\/wp-json\/wp\/v2\/product_brand?post=8015"},{"taxonomy":"product_cat","embeddable":true,"href":"https:\/\/filtrosylubricantesbencal.cl\/ecommerce\/wp-json\/wp\/v2\/product_cat?post=8015"},{"taxonomy":"product_tag","embeddable":true,"href":"https:\/\/filtrosylubricantesbencal.cl\/ecommerce\/wp-json\/wp\/v2\/product_tag?post=8015"}],"curies":[{"name":"wp","href":"https:\/\/api.w.org\/{rel}","templated":true}]}}