{"id":8016,"date":"2022-06-27T18:33:01","date_gmt":"2022-06-27T18:33:01","guid":{"rendered":"https:\/\/ventasyserviciosbencal.cl\/ecommerce\/?post_type=product&#038;p=8016"},"modified":"2025-02-12T22:40:58","modified_gmt":"2025-02-12T22:40:58","slug":"filtro-68-3","status":"publish","type":"product","link":"https:\/\/filtrosylubricantesbencal.cl\/ecommerce\/product\/filtro-68-3\/","title":{"rendered":"FILTRO ACEITE W68\/3"},"content":{"rendered":"<div class=\"wDYxhc\" lang=\"es-CL\" data-md=\"83\">\n<div class=\"di3YZe\">\n<div role=\"heading\" aria-level=\"3\">\n<p>Toyota Yaris 1.3 y 1.5 2012 -&gt; Nro. Parte: 90915-10003, Geely CK, MK EC7 2011 -&gt; Nro.<br \/>\nParte: 1106013221<\/p>\n<div class=\"wDYxhc\" lang=\"es-CL\" data-md=\"83\">\n<div class=\"di3YZe\">\n<div class=\"co8aDb\" role=\"heading\" aria-level=\"3\">Altura [mm]: 74. Medida de rosca:\u00a0<b>3<\/b>\/4-16 UNF. Di\u00e1metro de junta t\u00f3rica [mm]: 63. Tipo de\u00a0<b>filtro<\/b>:\u00a0<b>Filtro<\/b>\u00a0enroscable.<br \/>\n&#8230;<\/div>\n<div class=\"RqBzHd\">\n<ul class=\"i8Z77e\">\n<li class=\"TrT0Xe\">Art\u00edculo complementario \/ informaci\u00f3n complementaria 2: con v\u00e1lvula bloqueo de retorno.<\/li>\n<li class=\"TrT0Xe\">Di\u00e1metro [mm]: 66.<\/li>\n<li class=\"TrT0Xe\">Tipo de v\u00e1lvula: V\u00e1lvula de limitaci\u00f3n de presi\u00f3n.<\/li>\n<\/ul>\n<\/div>\n<\/div>\n<\/div>\n<\/div>\n<div role=\"heading\" aria-level=\"3\"><\/div>\n<div class=\"co8aDb\" role=\"heading\" aria-level=\"3\">Altura [mm]: 74. Medida de rosca:\u00a0<b>3<\/b>\/4-16 UNF. Di\u00e1metro de junta t\u00f3rica [mm]: 63. Tipo de\u00a0<b>filtro<\/b>:\u00a0<b>Filtro<\/b>\u00a0enroscable.<br \/>\n&#8230;<\/div>\n<div class=\"RqBzHd\">\n<ul class=\"i8Z77e\">\n<li class=\"TrT0Xe\">Art\u00edculo complementario \/ informaci\u00f3n complementaria 2: con v\u00e1lvula bloqueo de retorno.<\/li>\n<li class=\"TrT0Xe\">Di\u00e1metro [mm]: 66.<\/li>\n<li class=\"TrT0Xe\">Tipo de v\u00e1lvula: V\u00e1lvula de limitaci\u00f3n de presi\u00f3n.<\/li>\n<\/ul>\n<div class=\"u9iNfb\"><\/div>\n<\/div>\n<\/div>\n<\/div>\n<div class=\"g\">\n<div lang=\"es\" data-hveid=\"CAkQAA\" data-ved=\"2ahUKEwiKk8-_oc74AhVPH7kGHUU-ApIQFSgAegQICRAA\">\n<div class=\"tF2Cxc\"><\/div>\n<\/div>\n<\/div>\n","protected":false},"excerpt":{"rendered":"<h4><strong>FILTRO ACEITE MANN W68\/3 REEMPLAZA W68\/80 TOYOTA<\/strong><\/h4>\n<p>&nbsp;<\/p>\n","protected":false},"featured_media":8014,"comment_status":"open","ping_status":"closed","template":"","meta":{"_joinchat":[]},"product_brand":[],"product_cat":[36],"product_tag":[],"class_list":{"0":"post-8016","1":"product","2":"type-product","3":"status-publish","4":"has-post-thumbnail","6":"product_cat-filtros","8":"first","9":"instock","10":"shipping-taxable","11":"purchasable","12":"product-type-simple"},"_links":{"self":[{"href":"https:\/\/filtrosylubricantesbencal.cl\/ecommerce\/wp-json\/wp\/v2\/product\/8016","targetHints":{"allow":["GET"]}}],"collection":[{"href":"https:\/\/filtrosylubricantesbencal.cl\/ecommerce\/wp-json\/wp\/v2\/product"}],"about":[{"href":"https:\/\/filtrosylubricantesbencal.cl\/ecommerce\/wp-json\/wp\/v2\/types\/product"}],"replies":[{"embeddable":true,"href":"https:\/\/filtrosylubricantesbencal.cl\/ecommerce\/wp-json\/wp\/v2\/comments?post=8016"}],"wp:featuredmedia":[{"embeddable":true,"href":"https:\/\/filtrosylubricantesbencal.cl\/ecommerce\/wp-json\/wp\/v2\/media\/8014"}],"wp:attachment":[{"href":"https:\/\/filtrosylubricantesbencal.cl\/ecommerce\/wp-json\/wp\/v2\/media?parent=8016"}],"wp:term":[{"taxonomy":"product_brand","embeddable":true,"href":"https:\/\/filtrosylubricantesbencal.cl\/ecommerce\/wp-json\/wp\/v2\/product_brand?post=8016"},{"taxonomy":"product_cat","embeddable":true,"href":"https:\/\/filtrosylubricantesbencal.cl\/ecommerce\/wp-json\/wp\/v2\/product_cat?post=8016"},{"taxonomy":"product_tag","embeddable":true,"href":"https:\/\/filtrosylubricantesbencal.cl\/ecommerce\/wp-json\/wp\/v2\/product_tag?post=8016"}],"curies":[{"name":"wp","href":"https:\/\/api.w.org\/{rel}","templated":true}]}}