{"id":8023,"date":"2022-06-27T21:11:08","date_gmt":"2022-06-27T21:11:08","guid":{"rendered":"https:\/\/ventasyserviciosbencal.cl\/ecommerce\/?post_type=product&#038;p=8023"},"modified":"2025-02-12T22:27:22","modified_gmt":"2025-02-12T22:27:22","slug":"filtro-w610-9","status":"publish","type":"product","link":"https:\/\/filtrosylubricantesbencal.cl\/ecommerce\/product\/filtro-w610-9\/","title":{"rendered":"FILTRO ACEITE W610\/9"},"content":{"rendered":"<h2 class=\"title\"><\/h2>\n<div class=\"row\">\n<div class=\"col-xs-12\">\n<h4><strong><span style=\"color: #ff0000;\">DESCRIPCION:<\/span><\/strong><\/h4>\n<p>Se presenta un producto adecuado de la gama ACEITE de tipolog\u00eda FILTRO y forma SPIN-ON. Es para una posici\u00f3n PRIMARIO con uso ESTANDAR en el que se efect\u00faa un modo de filtraci\u00f3n FILTRACION ESTANDAR. Tiene las siguientes caracter\u00edsticas t\u00e9cnicas.<\/p>\n<\/div>\n<\/div>\n<div class=\"row\">\n<div class=\"col-xs-12 col-sm-6\">\n<ul>\n<li id=\"ctl656_liAltura\"><strong>Altura total (mm)<\/strong>90,00<\/li>\n<li id=\"ctl656_liPeso\"><strong>Peso<\/strong>0,258<\/li>\n<li id=\"ctl656_liVolumen\"><strong>Volumen<\/strong>0,000466<\/li>\n<li id=\"ctl656_liDiametroExteriorUno\"><strong>Di\u00e1metro exterior 1<\/strong>66,00<\/li>\n<\/ul>\n<\/div>\n<div class=\"col-xs-12 col-sm-6\">\n<ul>\n<li id=\"ctl656_liDiametroExteriorJunta\"><strong>Di\u00e1metro exterior junta<\/strong>62,00<\/li>\n<li id=\"ctl656_liDiametroInteriorJunta\"><strong>Di\u00e1metro interior junta<\/strong>54,00<\/li>\n<li id=\"ctl656_liPasoRosca\"><strong>Paso de rosca<\/strong>3\/4<\/li>\n<li id=\"ctl656_liNumeroHilos\"><strong>N\u00ba Hilos<\/strong>16<\/li>\n<\/ul>\n<\/div>\n<\/div>\n","protected":false},"excerpt":{"rendered":"<h4><span style=\"color: #ff0000;\"><strong>FILTRO ACEITE W610\/9 MANN REEMPLAZA W610\/80<\/strong><\/span><\/h4>\n<p>&nbsp;<\/p>\n<h4><span style=\"color: #ff0000;\"><strong>SUZUKI<\/strong><\/span><\/h4>\n<h4><span style=\"color: #ff0000;\"><strong>TOYOTA<\/strong><\/span><\/h4>\n","protected":false},"featured_media":8014,"comment_status":"open","ping_status":"closed","template":"","meta":{"_joinchat":[]},"product_brand":[],"product_cat":[36],"product_tag":[],"class_list":{"0":"post-8023","1":"product","2":"type-product","3":"status-publish","4":"has-post-thumbnail","6":"product_cat-filtros","8":"first","9":"outofstock","10":"shipping-taxable","11":"purchasable","12":"product-type-simple"},"_links":{"self":[{"href":"https:\/\/filtrosylubricantesbencal.cl\/ecommerce\/wp-json\/wp\/v2\/product\/8023","targetHints":{"allow":["GET"]}}],"collection":[{"href":"https:\/\/filtrosylubricantesbencal.cl\/ecommerce\/wp-json\/wp\/v2\/product"}],"about":[{"href":"https:\/\/filtrosylubricantesbencal.cl\/ecommerce\/wp-json\/wp\/v2\/types\/product"}],"replies":[{"embeddable":true,"href":"https:\/\/filtrosylubricantesbencal.cl\/ecommerce\/wp-json\/wp\/v2\/comments?post=8023"}],"wp:featuredmedia":[{"embeddable":true,"href":"https:\/\/filtrosylubricantesbencal.cl\/ecommerce\/wp-json\/wp\/v2\/media\/8014"}],"wp:attachment":[{"href":"https:\/\/filtrosylubricantesbencal.cl\/ecommerce\/wp-json\/wp\/v2\/media?parent=8023"}],"wp:term":[{"taxonomy":"product_brand","embeddable":true,"href":"https:\/\/filtrosylubricantesbencal.cl\/ecommerce\/wp-json\/wp\/v2\/product_brand?post=8023"},{"taxonomy":"product_cat","embeddable":true,"href":"https:\/\/filtrosylubricantesbencal.cl\/ecommerce\/wp-json\/wp\/v2\/product_cat?post=8023"},{"taxonomy":"product_tag","embeddable":true,"href":"https:\/\/filtrosylubricantesbencal.cl\/ecommerce\/wp-json\/wp\/v2\/product_tag?post=8023"}],"curies":[{"name":"wp","href":"https:\/\/api.w.org\/{rel}","templated":true}]}}