{"id":8076,"date":"2022-07-08T02:33:49","date_gmt":"2022-07-08T02:33:49","guid":{"rendered":"https:\/\/ventasyserviciosbencal.cl\/ecommerce\/?post_type=product&#038;p=8076"},"modified":"2025-02-12T22:21:21","modified_gmt":"2025-02-12T22:21:21","slug":"filtro-w712-73","status":"publish","type":"product","link":"https:\/\/filtrosylubricantesbencal.cl\/ecommerce\/product\/filtro-w712-73\/","title":{"rendered":"FILTRO ACEITE W712\/73"},"content":{"rendered":"<div class=\"co8aDb\" role=\"heading\" aria-level=\"3\"><b>MANN-FILTER W 712\/73 Filtro\u00a0de aceite\u00a0Filtro\u00a0enroscable<\/b><\/div>\n<div class=\"RqBzHd\">\n<ul class=\"i8Z77e\">\n<li class=\"TrT0Xe\">Altura [mm]: 93.<\/li>\n<li class=\"TrT0Xe\">Medida de rosca: 3\/4-16 UNF.<\/li>\n<li class=\"TrT0Xe\">Di\u00e1m. int. 2[mm]: 62.<\/li>\n<li class=\"TrT0Xe\">Tipo de\u00a0<b>filtro<\/b>:\u00a0<b>Filtro<\/b>\u00a0enroscable.<\/li>\n<li class=\"TrT0Xe\">presi\u00f3n apertura v\u00e1lvula de desviaci\u00f3n [bar]: 1,0.<\/li>\n<li class=\"TrT0Xe\">N\u00ba art. herramienta recomendada: LS 7.<\/li>\n<li class=\"TrT0Xe\">Di\u00e1metro [mm]: 76.<\/li>\n<li class=\"TrT0Xe\">Di\u00e1metro exterior 2 [mm]: 71.<\/li>\n<li class=\"TrT0Xe\">TOYOTA, MAZDA, FORD LONG LIFE(PINTADO GRIS)<\/li>\n<\/ul>\n<\/div>\n","protected":false},"excerpt":{"rendered":"<p>FILTRO ACEITE MANN W712\/73 ( REEMPLAZA A W712\/19 )<\/p>\n","protected":false},"featured_media":8014,"comment_status":"open","ping_status":"closed","template":"","meta":{"_joinchat":[]},"product_brand":[],"product_cat":[36],"product_tag":[],"class_list":{"0":"post-8076","1":"product","2":"type-product","3":"status-publish","4":"has-post-thumbnail","6":"product_cat-filtros","8":"first","9":"instock","10":"shipping-taxable","11":"purchasable","12":"product-type-simple"},"_links":{"self":[{"href":"https:\/\/filtrosylubricantesbencal.cl\/ecommerce\/wp-json\/wp\/v2\/product\/8076","targetHints":{"allow":["GET"]}}],"collection":[{"href":"https:\/\/filtrosylubricantesbencal.cl\/ecommerce\/wp-json\/wp\/v2\/product"}],"about":[{"href":"https:\/\/filtrosylubricantesbencal.cl\/ecommerce\/wp-json\/wp\/v2\/types\/product"}],"replies":[{"embeddable":true,"href":"https:\/\/filtrosylubricantesbencal.cl\/ecommerce\/wp-json\/wp\/v2\/comments?post=8076"}],"wp:featuredmedia":[{"embeddable":true,"href":"https:\/\/filtrosylubricantesbencal.cl\/ecommerce\/wp-json\/wp\/v2\/media\/8014"}],"wp:attachment":[{"href":"https:\/\/filtrosylubricantesbencal.cl\/ecommerce\/wp-json\/wp\/v2\/media?parent=8076"}],"wp:term":[{"taxonomy":"product_brand","embeddable":true,"href":"https:\/\/filtrosylubricantesbencal.cl\/ecommerce\/wp-json\/wp\/v2\/product_brand?post=8076"},{"taxonomy":"product_cat","embeddable":true,"href":"https:\/\/filtrosylubricantesbencal.cl\/ecommerce\/wp-json\/wp\/v2\/product_cat?post=8076"},{"taxonomy":"product_tag","embeddable":true,"href":"https:\/\/filtrosylubricantesbencal.cl\/ecommerce\/wp-json\/wp\/v2\/product_tag?post=8076"}],"curies":[{"name":"wp","href":"https:\/\/api.w.org\/{rel}","templated":true}]}}