{"id":8078,"date":"2022-07-08T02:41:23","date_gmt":"2022-07-08T02:41:23","guid":{"rendered":"https:\/\/ventasyserviciosbencal.cl\/ecommerce\/?post_type=product&#038;p=8078"},"modified":"2025-02-12T22:18:27","modified_gmt":"2025-02-12T22:18:27","slug":"filtro-w712-81","status":"publish","type":"product","link":"https:\/\/filtrosylubricantesbencal.cl\/ecommerce\/product\/filtro-w712-81\/","title":{"rendered":"FILTRO ACEITE W712\/81"},"content":{"rendered":"<p>USO:<\/p>\n<p>Camionetas y Vans GM, 2007 -&gt; Suzuki XL-7 mot. 3.6, 2007 -&gt; Nro. Parte: 89017524<\/p>\n<div class=\"co8aDb\" role=\"heading\" aria-level=\"3\"><b>MANN-FILTER W 712\/81 Filtro\u00a0de aceite\u00a0Filtro\u00a0enroscable, con v\u00e1lvula bloqueo de retorno<\/b><\/div>\n<div class=\"RqBzHd\">\n<ul class=\"i8Z77e\">\n<li class=\"TrT0Xe\">Altura [mm]: 74.<\/li>\n<li class=\"TrT0Xe\">Medida de rosca: 3\/4-16 UNF.<\/li>\n<li class=\"TrT0Xe\">Di\u00e1m. &#8230;<\/li>\n<li class=\"TrT0Xe\">Tipo de\u00a0<b>filtro<\/b>:\u00a0<b>Filtro<\/b>\u00a0enroscable.<\/li>\n<li class=\"TrT0Xe\">presi\u00f3n apertura v\u00e1lvula de desviaci\u00f3n [bar]: 1,0.<\/li>\n<li class=\"TrT0Xe\">N\u00ba art. &#8230;<\/li>\n<li class=\"TrT0Xe\">Art\u00edculo complementario \/ informaci\u00f3n complementaria 2: con v\u00e1lvula bloqueo d<\/li>\n<\/ul>\n<\/div>\n","protected":false},"excerpt":{"rendered":"<p>USO: Camionetas y Vans GM, 2007 -&gt; Suzuki XL-7 mot. 3.6, 2007 -&gt; Nro. Parte: 89017524 MANN-FILTER W 712\/81 Filtro\u00a0de [&hellip;]<\/p>\n","protected":false},"featured_media":8014,"comment_status":"open","ping_status":"closed","template":"","meta":{"_joinchat":[]},"product_brand":[],"product_cat":[36],"product_tag":[],"class_list":{"0":"post-8078","1":"product","2":"type-product","3":"status-publish","4":"has-post-thumbnail","6":"product_cat-filtros","8":"first","9":"instock","10":"shipping-taxable","11":"purchasable","12":"product-type-simple"},"_links":{"self":[{"href":"https:\/\/filtrosylubricantesbencal.cl\/ecommerce\/wp-json\/wp\/v2\/product\/8078","targetHints":{"allow":["GET"]}}],"collection":[{"href":"https:\/\/filtrosylubricantesbencal.cl\/ecommerce\/wp-json\/wp\/v2\/product"}],"about":[{"href":"https:\/\/filtrosylubricantesbencal.cl\/ecommerce\/wp-json\/wp\/v2\/types\/product"}],"replies":[{"embeddable":true,"href":"https:\/\/filtrosylubricantesbencal.cl\/ecommerce\/wp-json\/wp\/v2\/comments?post=8078"}],"wp:featuredmedia":[{"embeddable":true,"href":"https:\/\/filtrosylubricantesbencal.cl\/ecommerce\/wp-json\/wp\/v2\/media\/8014"}],"wp:attachment":[{"href":"https:\/\/filtrosylubricantesbencal.cl\/ecommerce\/wp-json\/wp\/v2\/media?parent=8078"}],"wp:term":[{"taxonomy":"product_brand","embeddable":true,"href":"https:\/\/filtrosylubricantesbencal.cl\/ecommerce\/wp-json\/wp\/v2\/product_brand?post=8078"},{"taxonomy":"product_cat","embeddable":true,"href":"https:\/\/filtrosylubricantesbencal.cl\/ecommerce\/wp-json\/wp\/v2\/product_cat?post=8078"},{"taxonomy":"product_tag","embeddable":true,"href":"https:\/\/filtrosylubricantesbencal.cl\/ecommerce\/wp-json\/wp\/v2\/product_tag?post=8078"}],"curies":[{"name":"wp","href":"https:\/\/api.w.org\/{rel}","templated":true}]}}