{"id":8080,"date":"2022-07-08T02:46:49","date_gmt":"2022-07-08T02:46:49","guid":{"rendered":"https:\/\/ventasyserviciosbencal.cl\/ecommerce\/?post_type=product&#038;p=8080"},"modified":"2025-02-12T22:16:30","modified_gmt":"2025-02-12T22:16:30","slug":"filtro-w811-80","status":"publish","type":"product","link":"https:\/\/filtrosylubricantesbencal.cl\/ecommerce\/product\/filtro-w811-80\/","title":{"rendered":"FILTRO ACEITE W811\/80"},"content":{"rendered":"<p>Hyundai; Kia . Nro. Parte: 26300-35501, 26300-35502 26300-35503, 26300-35504<\/p>\n<div class=\"co8aDb\" role=\"heading\" aria-level=\"3\"><b>MANN-FILTER W 811\/80 Filtro\u00a0de aceite\u00a0Filtro\u00a0enroscable, con v\u00e1lvula bloqueo de retorno<\/b><\/div>\n<div class=\"RqBzHd\">\n<ul class=\"i8Z77e\">\n<li class=\"TrT0Xe\">Altura [mm]: 75.<\/li>\n<li class=\"TrT0Xe\">Medida de rosca: M 20 X 1.5.<\/li>\n<li class=\"TrT0Xe\">Di\u00e1m. &#8230;<\/li>\n<li class=\"TrT0Xe\">Tipo de\u00a0<b>filtro<\/b>:\u00a0<b>Filtro<\/b>\u00a0enroscable.<\/li>\n<li class=\"TrT0Xe\">presi\u00f3n apertura v\u00e1lvula de desviaci\u00f3n [bar]: 1,0.<\/li>\n<li class=\"TrT0Xe\">Art\u00edculo complementario \/ informaci\u00f3n complementaria 2: con v\u00e1lvula bloqueo de retorno.<\/li>\n<\/ul>\n<\/div>\n","protected":false},"excerpt":{"rendered":"<p>FILTRO ACEITE W811\/80 MANN<\/p>\n","protected":false},"featured_media":8014,"comment_status":"open","ping_status":"closed","template":"","meta":{"_joinchat":[]},"product_brand":[],"product_cat":[36],"product_tag":[],"class_list":{"0":"post-8080","1":"product","2":"type-product","3":"status-publish","4":"has-post-thumbnail","6":"product_cat-filtros","8":"first","9":"outofstock","10":"shipping-taxable","11":"purchasable","12":"product-type-simple"},"_links":{"self":[{"href":"https:\/\/filtrosylubricantesbencal.cl\/ecommerce\/wp-json\/wp\/v2\/product\/8080","targetHints":{"allow":["GET"]}}],"collection":[{"href":"https:\/\/filtrosylubricantesbencal.cl\/ecommerce\/wp-json\/wp\/v2\/product"}],"about":[{"href":"https:\/\/filtrosylubricantesbencal.cl\/ecommerce\/wp-json\/wp\/v2\/types\/product"}],"replies":[{"embeddable":true,"href":"https:\/\/filtrosylubricantesbencal.cl\/ecommerce\/wp-json\/wp\/v2\/comments?post=8080"}],"wp:featuredmedia":[{"embeddable":true,"href":"https:\/\/filtrosylubricantesbencal.cl\/ecommerce\/wp-json\/wp\/v2\/media\/8014"}],"wp:attachment":[{"href":"https:\/\/filtrosylubricantesbencal.cl\/ecommerce\/wp-json\/wp\/v2\/media?parent=8080"}],"wp:term":[{"taxonomy":"product_brand","embeddable":true,"href":"https:\/\/filtrosylubricantesbencal.cl\/ecommerce\/wp-json\/wp\/v2\/product_brand?post=8080"},{"taxonomy":"product_cat","embeddable":true,"href":"https:\/\/filtrosylubricantesbencal.cl\/ecommerce\/wp-json\/wp\/v2\/product_cat?post=8080"},{"taxonomy":"product_tag","embeddable":true,"href":"https:\/\/filtrosylubricantesbencal.cl\/ecommerce\/wp-json\/wp\/v2\/product_tag?post=8080"}],"curies":[{"name":"wp","href":"https:\/\/api.w.org\/{rel}","templated":true}]}}