{"id":8089,"date":"2022-07-08T03:29:46","date_gmt":"2022-07-08T03:29:46","guid":{"rendered":"https:\/\/ventasyserviciosbencal.cl\/ecommerce\/?post_type=product&#038;p=8089"},"modified":"2025-02-12T22:12:03","modified_gmt":"2025-02-12T22:12:03","slug":"filtro-w930-26","status":"publish","type":"product","link":"https:\/\/filtrosylubricantesbencal.cl\/ecommerce\/product\/filtro-w930-26\/","title":{"rendered":"FILTRO ACEITE W930\/26"},"content":{"rendered":"<p>KIA mod. Frontier 2.7; 3.0 2001-&gt;, Besta 2.7, Besta Grand 3.0 2001-&gt;,<br \/>\nNro. Parte: K551-14302; HYUNDAI mod.:H100 2001-&gt;,Nro. Parte: 26300-42030<\/p>\n<div class=\"co8aDb\" role=\"heading\" aria-level=\"3\"><b>MANN-FILTER W 930\/26 Filtro\u00a0de aceite\u00a0Filtro\u00a0enroscable, con v\u00e1lvula bloqueo de retorno<\/b><\/div>\n<div class=\"RqBzHd\">\n<ul class=\"i8Z77e\">\n<li class=\"TrT0Xe\">Altura [mm]: 120.<\/li>\n<li class=\"TrT0Xe\">Medida de rosca: M\u00a0<b>26<\/b>\u00a0X 1.5.<\/li>\n<li class=\"TrT0Xe\">Di\u00e1m. &#8230;<\/li>\n<li class=\"TrT0Xe\">Tipo de\u00a0<b>filtro<\/b>:\u00a0<b>Filtro<\/b>\u00a0enroscable.<\/li>\n<li class=\"TrT0Xe\">presi\u00f3n apertura v\u00e1lvula de desviaci\u00f3n [bar]: 1,0.<\/li>\n<li class=\"TrT0Xe\">Art\u00edculo complementario \/ informaci\u00f3n complementaria 2: con v\u00e1lvula bloqueo de retorno.<\/li>\n<\/ul>\n<\/div>\n","protected":false},"excerpt":{"rendered":"<p>FILTRO ACEITE W930\/26 MANN<\/p>\n","protected":false},"featured_media":8014,"comment_status":"open","ping_status":"closed","template":"","meta":{"_joinchat":[]},"product_brand":[],"product_cat":[36],"product_tag":[],"class_list":{"0":"post-8089","1":"product","2":"type-product","3":"status-publish","4":"has-post-thumbnail","6":"product_cat-filtros","8":"first","9":"instock","10":"shipping-taxable","11":"purchasable","12":"product-type-simple"},"_links":{"self":[{"href":"https:\/\/filtrosylubricantesbencal.cl\/ecommerce\/wp-json\/wp\/v2\/product\/8089","targetHints":{"allow":["GET"]}}],"collection":[{"href":"https:\/\/filtrosylubricantesbencal.cl\/ecommerce\/wp-json\/wp\/v2\/product"}],"about":[{"href":"https:\/\/filtrosylubricantesbencal.cl\/ecommerce\/wp-json\/wp\/v2\/types\/product"}],"replies":[{"embeddable":true,"href":"https:\/\/filtrosylubricantesbencal.cl\/ecommerce\/wp-json\/wp\/v2\/comments?post=8089"}],"wp:featuredmedia":[{"embeddable":true,"href":"https:\/\/filtrosylubricantesbencal.cl\/ecommerce\/wp-json\/wp\/v2\/media\/8014"}],"wp:attachment":[{"href":"https:\/\/filtrosylubricantesbencal.cl\/ecommerce\/wp-json\/wp\/v2\/media?parent=8089"}],"wp:term":[{"taxonomy":"product_brand","embeddable":true,"href":"https:\/\/filtrosylubricantesbencal.cl\/ecommerce\/wp-json\/wp\/v2\/product_brand?post=8089"},{"taxonomy":"product_cat","embeddable":true,"href":"https:\/\/filtrosylubricantesbencal.cl\/ecommerce\/wp-json\/wp\/v2\/product_cat?post=8089"},{"taxonomy":"product_tag","embeddable":true,"href":"https:\/\/filtrosylubricantesbencal.cl\/ecommerce\/wp-json\/wp\/v2\/product_tag?post=8089"}],"curies":[{"name":"wp","href":"https:\/\/api.w.org\/{rel}","templated":true}]}}