{"id":8093,"date":"2022-07-08T03:47:37","date_gmt":"2022-07-08T03:47:37","guid":{"rendered":"https:\/\/ventasyserviciosbencal.cl\/ecommerce\/?post_type=product&#038;p=8093"},"modified":"2025-12-17T22:49:35","modified_gmt":"2025-12-17T22:49:35","slug":"filtro-w940-23","status":"publish","type":"product","link":"https:\/\/filtrosylubricantesbencal.cl\/ecommerce\/product\/filtro-w940-23\/","title":{"rendered":"FILTRO ACEITE W940\/23"},"content":{"rendered":"<p>FILTRO DE ACEITE MANN-FILTER W 940\/23<\/p>\n<p>DATSUN mods: 160J, 160J SSS, 180 B, 200 L, Blue Bird 1.8, 1.8 GL, Blue Bird 1.8 SSS Coupe, Blue Bird 1300, Stanza 1.6 G, 1.6 GL, 1.6 GLS, 1.8 G, 1.8 GL, 1.8 GLS, Laurel 2.0, 2.4, 1800 Pick-up, Patroll<\/p>\n<hr \/>\n<p><strong>Dimensiones (mm)<\/strong><\/p>\n<p>A: 93<br \/>\nB: 62<br \/>\nC: 71<br \/>\nG: 3\/4-16 UNF<br \/>\nH: 142<br \/>\nRSV 2: 1<\/p>\n<p>1.- Presi\u00f3n de apertura v\u00e1lvula de derivaci\u00f3n (bar)<br \/>\n*.- V\u00e1lvula antirretorno<\/p>\n<p>&nbsp;<\/p>\n","protected":false},"excerpt":{"rendered":"<p>FILTRO DE ACEITE MANN-FILTER W 940\/23 DATSUN mods: 160J, 160J SSS, 180 B, 200 L, Blue Bird 1.8, 1.8 GL, [&hellip;]<\/p>\n","protected":false},"featured_media":8014,"comment_status":"open","ping_status":"closed","template":"","meta":{"_joinchat":[]},"product_brand":[],"product_cat":[36],"product_tag":[],"class_list":{"0":"post-8093","1":"product","2":"type-product","3":"status-publish","4":"has-post-thumbnail","6":"product_cat-filtros","8":"first","9":"instock","10":"shipping-taxable","11":"purchasable","12":"product-type-simple"},"_links":{"self":[{"href":"https:\/\/filtrosylubricantesbencal.cl\/ecommerce\/wp-json\/wp\/v2\/product\/8093","targetHints":{"allow":["GET"]}}],"collection":[{"href":"https:\/\/filtrosylubricantesbencal.cl\/ecommerce\/wp-json\/wp\/v2\/product"}],"about":[{"href":"https:\/\/filtrosylubricantesbencal.cl\/ecommerce\/wp-json\/wp\/v2\/types\/product"}],"replies":[{"embeddable":true,"href":"https:\/\/filtrosylubricantesbencal.cl\/ecommerce\/wp-json\/wp\/v2\/comments?post=8093"}],"wp:featuredmedia":[{"embeddable":true,"href":"https:\/\/filtrosylubricantesbencal.cl\/ecommerce\/wp-json\/wp\/v2\/media\/8014"}],"wp:attachment":[{"href":"https:\/\/filtrosylubricantesbencal.cl\/ecommerce\/wp-json\/wp\/v2\/media?parent=8093"}],"wp:term":[{"taxonomy":"product_brand","embeddable":true,"href":"https:\/\/filtrosylubricantesbencal.cl\/ecommerce\/wp-json\/wp\/v2\/product_brand?post=8093"},{"taxonomy":"product_cat","embeddable":true,"href":"https:\/\/filtrosylubricantesbencal.cl\/ecommerce\/wp-json\/wp\/v2\/product_cat?post=8093"},{"taxonomy":"product_tag","embeddable":true,"href":"https:\/\/filtrosylubricantesbencal.cl\/ecommerce\/wp-json\/wp\/v2\/product_tag?post=8093"}],"curies":[{"name":"wp","href":"https:\/\/api.w.org\/{rel}","templated":true}]}}