{"id":8123,"date":"2022-07-14T15:15:54","date_gmt":"2022-07-14T15:15:54","guid":{"rendered":"https:\/\/ventasyserviciosbencal.cl\/ecommerce\/?post_type=product&#038;p=8123"},"modified":"2024-12-26T19:39:33","modified_gmt":"2024-12-26T19:39:33","slug":"filtro-af26655","status":"publish","type":"product","link":"https:\/\/filtrosylubricantesbencal.cl\/ecommerce\/product\/filtro-af26655\/","title":{"rendered":"FILTRO AIRE AF26655"},"content":{"rendered":"<h2 class=\"title\">Descripci\u00f3n t\u00e9cnica<\/h2>\n<div class=\"row\">\n<div class=\"col-xs-12\">\n<p>Se presenta un producto adecuado de la gama AIRE de tipolog\u00eda FILTRO y forma OVALADO. Es para una posici\u00f3n PRIMARIO con uso ESTANDAR en el que se efect\u00faa un modo de filtraci\u00f3n FILTRACION ESTANDAR. Tiene las siguientes caracter\u00edsticas t\u00e9cnicas.<\/p>\n<\/div>\n<\/div>\n<div class=\"row\">\n<div class=\"col-xs-12 col-sm-6\">\n<ul>\n<li id=\"ctl656_liAltura\"><strong>Altura total (mm)<\/strong>71,00<\/li>\n<li id=\"ctl656_liPeso\"><strong>Peso<\/strong>0,272<\/li>\n<li id=\"ctl656_liVolumen\"><strong>Volumen<\/strong>0,002265<\/li>\n<li id=\"ctl656_liDiametroExteriorUno\"><strong>Di\u00e1metro exterior 1<\/strong>209,00<\/li>\n<li id=\"ctl656_liDiametroInteriorUno\"><strong>Di\u00e1metro interior 1<\/strong>107,00<\/li>\n<\/ul>\n<p><strong>USO:<\/strong><\/p>\n<p>TRACTORES DE MARCA<\/p>\n<p>-LANDINI 110<\/p>\n<p>-NEW HOLLAND TD75F<\/p>\n<p>-OTROS<\/p>\n<\/div>\n<\/div>\n","protected":false},"excerpt":{"rendered":"<p>FILTRO AIRE AF26655 FLEETGUARD<\/p>\n","protected":false},"featured_media":8124,"comment_status":"open","ping_status":"closed","template":"","meta":{"_joinchat":[]},"product_brand":[],"product_cat":[36],"product_tag":[],"class_list":{"0":"post-8123","1":"product","2":"type-product","3":"status-publish","4":"has-post-thumbnail","6":"product_cat-filtros","8":"first","9":"outofstock","10":"shipping-taxable","11":"purchasable","12":"product-type-simple"},"_links":{"self":[{"href":"https:\/\/filtrosylubricantesbencal.cl\/ecommerce\/wp-json\/wp\/v2\/product\/8123","targetHints":{"allow":["GET"]}}],"collection":[{"href":"https:\/\/filtrosylubricantesbencal.cl\/ecommerce\/wp-json\/wp\/v2\/product"}],"about":[{"href":"https:\/\/filtrosylubricantesbencal.cl\/ecommerce\/wp-json\/wp\/v2\/types\/product"}],"replies":[{"embeddable":true,"href":"https:\/\/filtrosylubricantesbencal.cl\/ecommerce\/wp-json\/wp\/v2\/comments?post=8123"}],"wp:featuredmedia":[{"embeddable":true,"href":"https:\/\/filtrosylubricantesbencal.cl\/ecommerce\/wp-json\/wp\/v2\/media\/8124"}],"wp:attachment":[{"href":"https:\/\/filtrosylubricantesbencal.cl\/ecommerce\/wp-json\/wp\/v2\/media?parent=8123"}],"wp:term":[{"taxonomy":"product_brand","embeddable":true,"href":"https:\/\/filtrosylubricantesbencal.cl\/ecommerce\/wp-json\/wp\/v2\/product_brand?post=8123"},{"taxonomy":"product_cat","embeddable":true,"href":"https:\/\/filtrosylubricantesbencal.cl\/ecommerce\/wp-json\/wp\/v2\/product_cat?post=8123"},{"taxonomy":"product_tag","embeddable":true,"href":"https:\/\/filtrosylubricantesbencal.cl\/ecommerce\/wp-json\/wp\/v2\/product_tag?post=8123"}],"curies":[{"name":"wp","href":"https:\/\/api.w.org\/{rel}","templated":true}]}}