{"id":8139,"date":"2022-08-14T22:07:02","date_gmt":"2022-08-14T22:07:02","guid":{"rendered":"https:\/\/ventasyserviciosbencal.cl\/ecommerce\/?post_type=product&#038;p=8139"},"modified":"2026-02-03T23:05:51","modified_gmt":"2026-02-03T23:05:51","slug":"hu613x","status":"publish","type":"product","link":"https:\/\/filtrosylubricantesbencal.cl\/ecommerce\/product\/hu613x\/","title":{"rendered":"FILTRO HU613x MANN"},"content":{"rendered":"<p>Ssangyong Korando 2.0 2012 -&gt; , Actyon 2013 -&gt; , Nro. Parte: 671 184 0125<\/p>\n<p>El filtro\u00a0<strong class=\"Yjhzub\">MANN-FILTER HU 613\/1 x<\/strong>\u00a0(o HU613X)\u00a0<mark class=\"HxTRcb\">es un\u00a0<strong class=\"Yjhzub\">filtro de aceite tipo elemento (cartucho)<\/strong>, no un filtro de aire<\/mark>. Dise\u00f1ado para veh\u00edculos SsangYong (Korando 2.0, Actyon, Kyron, Stavic), protege el sistema de lubricaci\u00f3n mediante papel de celulosa de alta calidad. Es un cartucho de filtraci\u00f3n &#8220;metal-free&#8221; (sin metal).<span class=\"uJ19be notranslate\" data-wiz-uids=\"WiJHab_e,WiJHab_f\"><span class=\"vKEkVd\" data-animation-atomic=\"\" data-wiz-attrbind=\"class=WiJHab_d\/TKHnVd\"><span aria-hidden=\"true\">\u00a0<\/span><\/span><\/span><\/p>\n","protected":false},"excerpt":{"rendered":"<p>FILTRO ACEITE MOTOR<\/p>\n<p>HU613x MANN SsangYong Actyon<\/p>\n","protected":false},"featured_media":8688,"comment_status":"open","ping_status":"closed","template":"","meta":{"_joinchat":[]},"product_brand":[120],"product_cat":[36],"product_tag":[107],"class_list":{"0":"post-8139","1":"product","2":"type-product","3":"status-publish","4":"has-post-thumbnail","6":"product_brand-mann","7":"product_cat-filtros","8":"product_tag-aceite-motor","10":"first","11":"instock","12":"shipping-taxable","13":"purchasable","14":"product-type-simple"},"_links":{"self":[{"href":"https:\/\/filtrosylubricantesbencal.cl\/ecommerce\/wp-json\/wp\/v2\/product\/8139","targetHints":{"allow":["GET"]}}],"collection":[{"href":"https:\/\/filtrosylubricantesbencal.cl\/ecommerce\/wp-json\/wp\/v2\/product"}],"about":[{"href":"https:\/\/filtrosylubricantesbencal.cl\/ecommerce\/wp-json\/wp\/v2\/types\/product"}],"replies":[{"embeddable":true,"href":"https:\/\/filtrosylubricantesbencal.cl\/ecommerce\/wp-json\/wp\/v2\/comments?post=8139"}],"wp:featuredmedia":[{"embeddable":true,"href":"https:\/\/filtrosylubricantesbencal.cl\/ecommerce\/wp-json\/wp\/v2\/media\/8688"}],"wp:attachment":[{"href":"https:\/\/filtrosylubricantesbencal.cl\/ecommerce\/wp-json\/wp\/v2\/media?parent=8139"}],"wp:term":[{"taxonomy":"product_brand","embeddable":true,"href":"https:\/\/filtrosylubricantesbencal.cl\/ecommerce\/wp-json\/wp\/v2\/product_brand?post=8139"},{"taxonomy":"product_cat","embeddable":true,"href":"https:\/\/filtrosylubricantesbencal.cl\/ecommerce\/wp-json\/wp\/v2\/product_cat?post=8139"},{"taxonomy":"product_tag","embeddable":true,"href":"https:\/\/filtrosylubricantesbencal.cl\/ecommerce\/wp-json\/wp\/v2\/product_tag?post=8139"}],"curies":[{"name":"wp","href":"https:\/\/api.w.org\/{rel}","templated":true}]}}