{"id":8511,"date":"2026-01-20T16:26:48","date_gmt":"2026-01-20T16:26:48","guid":{"rendered":"https:\/\/filtrosylubricantesbencal.cl\/ecommerce\/?post_type=product&#038;p=8511"},"modified":"2026-01-30T13:18:05","modified_gmt":"2026-01-30T13:18:05","slug":"bidon-aceite-10w40-good-year","status":"publish","type":"product","link":"https:\/\/filtrosylubricantesbencal.cl\/ecommerce\/product\/bidon-aceite-10w40-good-year\/","title":{"rendered":"BIDON ACEITE 10W40 GOOD YEAR"},"content":{"rendered":"<div class=\"ui-pdp-container__row\">\n<div class=\"ui-pdp-container__col col-1 pl-24 pr-24\">\n<div class=\"ui-pdp-collapsable mt-24 ui-pdp-description-collapse\">\n<div class=\"ui-pdp-collapsable__container\">\n<div id=\"description\" class=\"ui-pdp-description\">\n<h2 class=\"ui-pdp-description__title\" data-testid=\"title\">Descripci\u00f3n<\/h2>\n<p class=\"ui-pdp-description__content\" data-testid=\"content\">Lubricante\u00a0 Semi-sint\u00e9tico premium de alto rendimiento para motores de automoci\u00f3n, que cumple con las \u00faltimas especificaciones de la industria de aceites para motores. Dise\u00f1ado para proporcionar un excelente nivel de protecci\u00f3n y rendimiento bajo las condiciones m\u00e1s exigentes. Sin garant\u00eda<\/p>\n<\/div>\n<\/div>\n<\/div>\n<\/div>\n<\/div>\n<div class=\"ui-pdp-container__row\">\n<div class=\"ui-pdp-container__col col-1\"><\/div>\n<\/div>\n<div class=\"ui-pdp-container__row ui-pdp-recommendations-row\">\n<div class=\"ui-pdp-container__col col-1\">\n<div class=\"ui-pdp-spot-middle\">\n<section class=\"ui-recommendations-carousel-wrapper-ref ui-recommendations-over-white-background\">\n<div class=\"ui-recommendations-carousel-snapped mt-40 ui-pdp-with--separator-top ui-pdp-with--separator-top--full recos-override__card-vertical\">\n<div class=\"ui-recommendations-carousel-snapped__header\">\n<div class=\"ui-recommendations-carousel-snapped__header-titles\"><\/div>\n<\/div>\n<\/div>\n<\/section>\n<\/div>\n<\/div>\n<\/div>\n","protected":false},"excerpt":{"rendered":"<h4 class=\"ui-pdp-title\">* Aceite Semi-Sint\u00e9tico Goodyear<\/h4>\n<h4 class=\"ui-pdp-title\">* Sp 10w40 4l Auto\/camioneta<\/h4>\n","protected":false},"featured_media":8616,"comment_status":"open","ping_status":"closed","template":"","meta":{"_joinchat":[]},"product_brand":[121],"product_cat":[98],"product_tag":[107],"class_list":{"0":"post-8511","1":"product","2":"type-product","3":"status-publish","4":"has-post-thumbnail","6":"product_brand-good-year","7":"product_cat-lubricante","8":"product_tag-aceite-motor","10":"first","11":"instock","12":"shipping-taxable","13":"purchasable","14":"product-type-simple"},"_links":{"self":[{"href":"https:\/\/filtrosylubricantesbencal.cl\/ecommerce\/wp-json\/wp\/v2\/product\/8511","targetHints":{"allow":["GET"]}}],"collection":[{"href":"https:\/\/filtrosylubricantesbencal.cl\/ecommerce\/wp-json\/wp\/v2\/product"}],"about":[{"href":"https:\/\/filtrosylubricantesbencal.cl\/ecommerce\/wp-json\/wp\/v2\/types\/product"}],"replies":[{"embeddable":true,"href":"https:\/\/filtrosylubricantesbencal.cl\/ecommerce\/wp-json\/wp\/v2\/comments?post=8511"}],"wp:featuredmedia":[{"embeddable":true,"href":"https:\/\/filtrosylubricantesbencal.cl\/ecommerce\/wp-json\/wp\/v2\/media\/8616"}],"wp:attachment":[{"href":"https:\/\/filtrosylubricantesbencal.cl\/ecommerce\/wp-json\/wp\/v2\/media?parent=8511"}],"wp:term":[{"taxonomy":"product_brand","embeddable":true,"href":"https:\/\/filtrosylubricantesbencal.cl\/ecommerce\/wp-json\/wp\/v2\/product_brand?post=8511"},{"taxonomy":"product_cat","embeddable":true,"href":"https:\/\/filtrosylubricantesbencal.cl\/ecommerce\/wp-json\/wp\/v2\/product_cat?post=8511"},{"taxonomy":"product_tag","embeddable":true,"href":"https:\/\/filtrosylubricantesbencal.cl\/ecommerce\/wp-json\/wp\/v2\/product_tag?post=8511"}],"curies":[{"name":"wp","href":"https:\/\/api.w.org\/{rel}","templated":true}]}}