{"id":8513,"date":"2026-01-20T17:23:20","date_gmt":"2026-01-20T17:23:20","guid":{"rendered":"https:\/\/filtrosylubricantesbencal.cl\/ecommerce\/?post_type=product&#038;p=8513"},"modified":"2026-01-29T16:30:44","modified_gmt":"2026-01-29T16:30:44","slug":"bidon-aceite-5w30-chevron","status":"publish","type":"product","link":"https:\/\/filtrosylubricantesbencal.cl\/ecommerce\/product\/bidon-aceite-5w30-chevron\/","title":{"rendered":"ACEITE 5W30 CHEVRON 4LTS"},"content":{"rendered":"<p>Chevron Supreme Synthetic Blend Motor Oil es un aceite para motor de mezcla sint\u00e9tica que brinda mayor protecci\u00f3n en las \u00e1reas de control de dep\u00f3sitos, prevenci\u00f3n de sedimentos y protecci\u00f3n contra el desgaste, con el fin de mantener los motores antiguos limpios y en pleno funcionamiento. *La presentaci\u00f3n y disponibilidad de los productos puede variar de acuerdo al pa\u00eds.<\/p>\n<div class=\"item item--check\">\n<div class=\"title title--default defaultColor\">Brinda una mejor fluidez a bajas temperaturas que los aceites para motor minerales con el fin de proporcionar m\u00e1s protecci\u00f3n en los arranques en fr\u00edo.<\/div>\n<div class=\"text defaultColor \">* Brinda mayor protecci\u00f3n contra sedimentos y formaci\u00f3n de dep\u00f3sitos.<\/div>\n<\/div>\n<div class=\"item item--check\">\n<div class=\"text defaultColor \"><\/div>\n<\/div>\n<div class=\"item item--check\">\n<div class=\"title title--default defaultColor\">* Ayuda a evitar la preignici\u00f3n a baja velocidad (LSPI) en motores de inyecci\u00f3n directa turboalimentados para proteger las piezas esenciales del motor.<\/div>\n<div class=\"text defaultColor \"><\/div>\n<\/div>\n<div id=\"check-list-check_list-43\" class=\"check-list__list--hidden collapse show\">\n<div class=\"item item--check\">\n<div class=\"title defaultColor\">* Ayuda a maximizar la duraci\u00f3n de los catalizadores \/ los sistemas de control de emisiones.<\/div>\n<div class=\"text defaultColor \"><\/div>\n<\/div>\n<div class=\"item item--check\">\n<div class=\"title defaultColor\">* Ayuda a desacelerar el proceso de deterioro al reducir el desgaste para mantener los motores funcionando durante m\u00e1s tiempo.<\/div>\n<div class=\"text defaultColor \"><\/div>\n<\/div>\n<div class=\"item item--check\">\n<div class=\"title defaultColor\">* Mantiene el motor limpio con protecci\u00f3n contra sedimentos hasta un 8% mejor que el l\u00edmite de GF-6 (Seg\u00fan la prueba de sedimento y barniz Sequence VH usando SAE 0W-20).<\/div>\n<div class=\"text defaultColor \"><\/div>\n<\/div>\n<div class=\"item item--check\">\n<div class=\"title defaultColor\">* Reduce el desgaste relacionado con la fricci\u00f3n hasta un 25 % mejor que el l\u00edmite de GF-6 (Seg\u00fan la prueba de desgaste de la distribuci\u00f3n Sequence IVB usando SAE 0W-30).<\/div>\n<\/div>\n<\/div>\n","protected":false},"excerpt":{"rendered":"<p>BIDON DE ACEITE 5W30 PARA DPF<\/p>\n<p>GASOLINA Y DIESEL<\/p>\n","protected":false},"featured_media":8612,"comment_status":"open","ping_status":"closed","template":"","meta":{"_joinchat":[]},"product_brand":[122],"product_cat":[98],"product_tag":[123],"class_list":{"0":"post-8513","1":"product","2":"type-product","3":"status-publish","4":"has-post-thumbnail","6":"product_brand-chevron","7":"product_cat-lubricante","8":"product_tag-lubricante","10":"first","11":"instock","12":"shipping-taxable","13":"purchasable","14":"product-type-simple"},"_links":{"self":[{"href":"https:\/\/filtrosylubricantesbencal.cl\/ecommerce\/wp-json\/wp\/v2\/product\/8513","targetHints":{"allow":["GET"]}}],"collection":[{"href":"https:\/\/filtrosylubricantesbencal.cl\/ecommerce\/wp-json\/wp\/v2\/product"}],"about":[{"href":"https:\/\/filtrosylubricantesbencal.cl\/ecommerce\/wp-json\/wp\/v2\/types\/product"}],"replies":[{"embeddable":true,"href":"https:\/\/filtrosylubricantesbencal.cl\/ecommerce\/wp-json\/wp\/v2\/comments?post=8513"}],"wp:featuredmedia":[{"embeddable":true,"href":"https:\/\/filtrosylubricantesbencal.cl\/ecommerce\/wp-json\/wp\/v2\/media\/8612"}],"wp:attachment":[{"href":"https:\/\/filtrosylubricantesbencal.cl\/ecommerce\/wp-json\/wp\/v2\/media?parent=8513"}],"wp:term":[{"taxonomy":"product_brand","embeddable":true,"href":"https:\/\/filtrosylubricantesbencal.cl\/ecommerce\/wp-json\/wp\/v2\/product_brand?post=8513"},{"taxonomy":"product_cat","embeddable":true,"href":"https:\/\/filtrosylubricantesbencal.cl\/ecommerce\/wp-json\/wp\/v2\/product_cat?post=8513"},{"taxonomy":"product_tag","embeddable":true,"href":"https:\/\/filtrosylubricantesbencal.cl\/ecommerce\/wp-json\/wp\/v2\/product_tag?post=8513"}],"curies":[{"name":"wp","href":"https:\/\/api.w.org\/{rel}","templated":true}]}}