{"id":8534,"date":"2026-01-20T21:59:59","date_gmt":"2026-01-20T21:59:59","guid":{"rendered":"https:\/\/filtrosylubricantesbencal.cl\/ecommerce\/?post_type=product&#038;p=8534"},"modified":"2026-01-20T22:04:50","modified_gmt":"2026-01-20T22:04:50","slug":"filtro-c22144-mann","status":"publish","type":"product","link":"https:\/\/filtrosylubricantesbencal.cl\/ecommerce\/product\/filtro-c22144-mann\/","title":{"rendered":"FILTRO C22144 MANN"},"content":{"rendered":"<ul>\n<li>Filtro de aire MANN FILTER es uno de los art\u00edculos fundamentales para el buen funcionamiento del motor y de tu veh\u00edculo. Su misi\u00f3n es retener la mayor cantidad de impurezas que puedan ingresar al interior del circuito de admisi\u00f3n, evitando que la c\u00e1mara de combusti\u00f3n se contamine y que las paredes de los cilindros se degraden. Este elemento se sit\u00faa al principio del sistema, ya que la vida \u00fatil del motor depende de su efectividad y acci\u00f3n inmediata. MANN-FILTER es una marca fabricante de filtros de aire, de aceite, de combustible y de habit\u00e1culo con gran presencia en el mercado. Los productos MANN-FILTER est\u00e1n desarrollados bajo est\u00e1ndares de calidad sin precedentes en el mercado de piezas para el autom\u00f3vil y cumplen los requisitos m\u00e1s exigentes esperados por los fabricantes.<\/li>\n<\/ul>\n","protected":false},"excerpt":{"rendered":"<p>FILTRO DE AIRE PARA CAMIONETA<\/p>\n<p>MITSUBISHI L-200 TDI<\/p>\n","protected":false},"featured_media":8535,"comment_status":"open","ping_status":"closed","template":"","meta":{"_joinchat":[]},"product_brand":[120],"product_cat":[101],"product_tag":[108],"class_list":{"0":"post-8534","1":"product","2":"type-product","3":"status-publish","4":"has-post-thumbnail","6":"product_brand-mann","7":"product_cat-coolan","8":"product_tag-filtro-aire","10":"first","11":"instock","12":"shipping-taxable","13":"purchasable","14":"product-type-simple"},"_links":{"self":[{"href":"https:\/\/filtrosylubricantesbencal.cl\/ecommerce\/wp-json\/wp\/v2\/product\/8534","targetHints":{"allow":["GET"]}}],"collection":[{"href":"https:\/\/filtrosylubricantesbencal.cl\/ecommerce\/wp-json\/wp\/v2\/product"}],"about":[{"href":"https:\/\/filtrosylubricantesbencal.cl\/ecommerce\/wp-json\/wp\/v2\/types\/product"}],"replies":[{"embeddable":true,"href":"https:\/\/filtrosylubricantesbencal.cl\/ecommerce\/wp-json\/wp\/v2\/comments?post=8534"}],"wp:featuredmedia":[{"embeddable":true,"href":"https:\/\/filtrosylubricantesbencal.cl\/ecommerce\/wp-json\/wp\/v2\/media\/8535"}],"wp:attachment":[{"href":"https:\/\/filtrosylubricantesbencal.cl\/ecommerce\/wp-json\/wp\/v2\/media?parent=8534"}],"wp:term":[{"taxonomy":"product_brand","embeddable":true,"href":"https:\/\/filtrosylubricantesbencal.cl\/ecommerce\/wp-json\/wp\/v2\/product_brand?post=8534"},{"taxonomy":"product_cat","embeddable":true,"href":"https:\/\/filtrosylubricantesbencal.cl\/ecommerce\/wp-json\/wp\/v2\/product_cat?post=8534"},{"taxonomy":"product_tag","embeddable":true,"href":"https:\/\/filtrosylubricantesbencal.cl\/ecommerce\/wp-json\/wp\/v2\/product_tag?post=8534"}],"curies":[{"name":"wp","href":"https:\/\/api.w.org\/{rel}","templated":true}]}}