{"id":8552,"date":"2026-01-21T18:28:39","date_gmt":"2026-01-21T18:28:39","guid":{"rendered":"https:\/\/filtrosylubricantesbencal.cl\/ecommerce\/?post_type=product&#038;p=8552"},"modified":"2026-01-21T18:32:10","modified_gmt":"2026-01-21T18:32:10","slug":"filtro-c28010-mann","status":"publish","type":"product","link":"https:\/\/filtrosylubricantesbencal.cl\/ecommerce\/product\/filtro-c28010-mann\/","title":{"rendered":"FILTRO C28010 MANN"},"content":{"rendered":"<div class=\"cmp-product__description\">\n<h2 class=\"cmp-product__description-title cmp-product__description-title--normal productFullDetail__descriptionTitle productFullDetail__sectionTitle\">Descripci\u00f3n del producto<\/h2>\n<div class=\"cmp-product__description-text richText__root\" role=\"description\">\n<div class=\"cmp-text comp-text--standard\">\n<p class=\"cmp-text__paragraph\">Filtros de aire de alta calidad MANN-FILTER para un aire de admisi\u00f3n limpio &#8211; protecci\u00f3n \u00f3ptima para el motor, el sensor de masa de aire y otros componentes sensibles \/ Cumplen con los requisitos de la moderna tecnolog\u00eda del motor. Una elevada retenci\u00f3n y eficacia de separaci\u00f3n de suciedad, baja resistencia al flujo y alta estabilidad de pliegue garantizan fiabilidad funcional durante todo el intervalo de mantenimiento.<\/p>\n<\/div>\n<\/div>\n<\/div>\n<div class=\"cmp-product__summary\">\n<div class=\"cmp-text\">\n<ul>\n<li>A = 277 mm; B = 226 mm; H = 41 mm<\/li>\n<li>Hyundai Santa F\u00e9 2.4, Sonata 2011 -&gt; , KIA Sorento 2.4 2011 -&gt; NP: 28113-2P000<\/li>\n<\/ul>\n<\/div>\n<\/div>\n","protected":false},"excerpt":{"rendered":"<p>FILTRO DE AIRE MANN PARA:<\/p>\n<ul>\n<li>HYUNDAI SANTA F\u00c9 2.4 CC<\/li>\n<li>HYUNDAI SONATA<\/li>\n<li>KIA SORENTO 2.4CC<\/li>\n<\/ul>\n<p>&nbsp;<\/p>\n","protected":false},"featured_media":8553,"comment_status":"open","ping_status":"closed","template":"","meta":{"_joinchat":[]},"product_brand":[120],"product_cat":[36],"product_tag":[108],"class_list":{"0":"post-8552","1":"product","2":"type-product","3":"status-publish","4":"has-post-thumbnail","6":"product_brand-mann","7":"product_cat-filtros","8":"product_tag-filtro-aire","10":"first","11":"outofstock","12":"shipping-taxable","13":"purchasable","14":"product-type-simple"},"_links":{"self":[{"href":"https:\/\/filtrosylubricantesbencal.cl\/ecommerce\/wp-json\/wp\/v2\/product\/8552","targetHints":{"allow":["GET"]}}],"collection":[{"href":"https:\/\/filtrosylubricantesbencal.cl\/ecommerce\/wp-json\/wp\/v2\/product"}],"about":[{"href":"https:\/\/filtrosylubricantesbencal.cl\/ecommerce\/wp-json\/wp\/v2\/types\/product"}],"replies":[{"embeddable":true,"href":"https:\/\/filtrosylubricantesbencal.cl\/ecommerce\/wp-json\/wp\/v2\/comments?post=8552"}],"wp:featuredmedia":[{"embeddable":true,"href":"https:\/\/filtrosylubricantesbencal.cl\/ecommerce\/wp-json\/wp\/v2\/media\/8553"}],"wp:attachment":[{"href":"https:\/\/filtrosylubricantesbencal.cl\/ecommerce\/wp-json\/wp\/v2\/media?parent=8552"}],"wp:term":[{"taxonomy":"product_brand","embeddable":true,"href":"https:\/\/filtrosylubricantesbencal.cl\/ecommerce\/wp-json\/wp\/v2\/product_brand?post=8552"},{"taxonomy":"product_cat","embeddable":true,"href":"https:\/\/filtrosylubricantesbencal.cl\/ecommerce\/wp-json\/wp\/v2\/product_cat?post=8552"},{"taxonomy":"product_tag","embeddable":true,"href":"https:\/\/filtrosylubricantesbencal.cl\/ecommerce\/wp-json\/wp\/v2\/product_tag?post=8552"}],"curies":[{"name":"wp","href":"https:\/\/api.w.org\/{rel}","templated":true}]}}