{"id":8566,"date":"2026-01-22T13:14:47","date_gmt":"2026-01-22T13:14:47","guid":{"rendered":"https:\/\/filtrosylubricantesbencal.cl\/ecommerce\/?post_type=product&#038;p=8566"},"modified":"2026-02-03T22:24:57","modified_gmt":"2026-02-03T22:24:57","slug":"filtro-c31003-1-mannc31003-1","status":"publish","type":"product","link":"https:\/\/filtrosylubricantesbencal.cl\/ecommerce\/product\/filtro-c31003-1-mannc31003-1\/","title":{"rendered":"FILTRO C31003\/1 MANN"},"content":{"rendered":"<div class=\"cmp-product__description\">\n<div class=\"cmp-product__description-text richText__root\" role=\"description\">\n<div class=\"cmp-text comp-text--standard\">\n<p>APLICACION:<\/p>\n<ul>\n<li>MARCA : VOLKSWAGEN<\/li>\n<li>MODELO: AMAROK 2.0 cc TDI<\/li>\n<li>A\u00d1O: 2010 EN ADELANTE<\/li>\n<\/ul>\n<p class=\"cmp-text__paragraph\">Filtros de aire de alta calidad MANN-FILTER para un aire de admisi\u00f3n limpio &#8211; protecci\u00f3n \u00f3ptima para el motor, el sensor de masa de aire y otros componentes sensibles \/ Cumplen con los requisitos de la moderna tecnolog\u00eda del motor. Una elevada retenci\u00f3n y eficacia de separaci\u00f3n de suciedad, baja resistencia al flujo y alta estabilidad de pliegue garantizan fiabilidad funcional durante todo el intervalo de mantenimiento.<\/p>\n<p>&nbsp;<\/p>\n<\/div>\n<\/div>\n<\/div>\n<div class=\"cmp-product__summary\">\n<div class=\"cmp-text\">\n<ul>\n<li>A = 315 mm; B = 260 mm; H = 70 mm<\/li>\n<\/ul>\n<\/div>\n<\/div>\n","protected":false},"excerpt":{"rendered":"<p>FILTRO DE AIRE CAMIONETA<\/p>\n<p>VOLKSWAGEN AMAROK 2010 &#8211; 2015<\/p>\n","protected":false},"featured_media":8590,"comment_status":"open","ping_status":"closed","template":"","meta":{"_joinchat":[]},"product_brand":[120],"product_cat":[36],"product_tag":[108],"class_list":{"0":"post-8566","1":"product","2":"type-product","3":"status-publish","4":"has-post-thumbnail","6":"product_brand-mann","7":"product_cat-filtros","8":"product_tag-filtro-aire","10":"first","11":"instock","12":"shipping-taxable","13":"purchasable","14":"product-type-simple"},"_links":{"self":[{"href":"https:\/\/filtrosylubricantesbencal.cl\/ecommerce\/wp-json\/wp\/v2\/product\/8566","targetHints":{"allow":["GET"]}}],"collection":[{"href":"https:\/\/filtrosylubricantesbencal.cl\/ecommerce\/wp-json\/wp\/v2\/product"}],"about":[{"href":"https:\/\/filtrosylubricantesbencal.cl\/ecommerce\/wp-json\/wp\/v2\/types\/product"}],"replies":[{"embeddable":true,"href":"https:\/\/filtrosylubricantesbencal.cl\/ecommerce\/wp-json\/wp\/v2\/comments?post=8566"}],"wp:featuredmedia":[{"embeddable":true,"href":"https:\/\/filtrosylubricantesbencal.cl\/ecommerce\/wp-json\/wp\/v2\/media\/8590"}],"wp:attachment":[{"href":"https:\/\/filtrosylubricantesbencal.cl\/ecommerce\/wp-json\/wp\/v2\/media?parent=8566"}],"wp:term":[{"taxonomy":"product_brand","embeddable":true,"href":"https:\/\/filtrosylubricantesbencal.cl\/ecommerce\/wp-json\/wp\/v2\/product_brand?post=8566"},{"taxonomy":"product_cat","embeddable":true,"href":"https:\/\/filtrosylubricantesbencal.cl\/ecommerce\/wp-json\/wp\/v2\/product_cat?post=8566"},{"taxonomy":"product_tag","embeddable":true,"href":"https:\/\/filtrosylubricantesbencal.cl\/ecommerce\/wp-json\/wp\/v2\/product_tag?post=8566"}],"curies":[{"name":"wp","href":"https:\/\/api.w.org\/{rel}","templated":true}]}}