{"id":8584,"date":"2026-01-22T16:00:01","date_gmt":"2026-01-22T16:00:01","guid":{"rendered":"https:\/\/filtrosylubricantesbencal.cl\/ecommerce\/?post_type=product&#038;p=8584"},"modified":"2026-02-03T20:56:34","modified_gmt":"2026-02-03T20:56:34","slug":"filtro-cf2120-mann","status":"publish","type":"product","link":"https:\/\/filtrosylubricantesbencal.cl\/ecommerce\/product\/filtro-cf2120-mann\/","title":{"rendered":"FILTRO CF2120 MANN"},"content":{"rendered":"<p>El filtro de aire Mann CF2120 cumple o supera las especificaciones t\u00e9cnicas del cliente para sistemas de filtraci\u00f3n de aire, incluyendo factores como: tama\u00f1o de la fibra del medio, forma, tama\u00f1o de poro, grosor, tejido y resistencia mec\u00e1nica.<\/p>\n<p>&nbsp;<\/p>\n<p>APLICACION:<\/p>\n<ul>\n<li>LANDINI<\/li>\n<li>NEW HOLLAND<\/li>\n<\/ul>\n","protected":false},"excerpt":{"rendered":"<p>FILTRO DE AIRE TRACTORES<\/p>\n<p>LANDINI &#8211; NEW HOLLAND<\/p>\n","protected":false},"featured_media":8655,"comment_status":"open","ping_status":"closed","template":"","meta":{"_joinchat":[]},"product_brand":[120],"product_cat":[36],"product_tag":[108],"class_list":{"0":"post-8584","1":"product","2":"type-product","3":"status-publish","4":"has-post-thumbnail","6":"product_brand-mann","7":"product_cat-filtros","8":"product_tag-filtro-aire","10":"first","11":"instock","12":"shipping-taxable","13":"purchasable","14":"product-type-simple"},"_links":{"self":[{"href":"https:\/\/filtrosylubricantesbencal.cl\/ecommerce\/wp-json\/wp\/v2\/product\/8584","targetHints":{"allow":["GET"]}}],"collection":[{"href":"https:\/\/filtrosylubricantesbencal.cl\/ecommerce\/wp-json\/wp\/v2\/product"}],"about":[{"href":"https:\/\/filtrosylubricantesbencal.cl\/ecommerce\/wp-json\/wp\/v2\/types\/product"}],"replies":[{"embeddable":true,"href":"https:\/\/filtrosylubricantesbencal.cl\/ecommerce\/wp-json\/wp\/v2\/comments?post=8584"}],"wp:featuredmedia":[{"embeddable":true,"href":"https:\/\/filtrosylubricantesbencal.cl\/ecommerce\/wp-json\/wp\/v2\/media\/8655"}],"wp:attachment":[{"href":"https:\/\/filtrosylubricantesbencal.cl\/ecommerce\/wp-json\/wp\/v2\/media?parent=8584"}],"wp:term":[{"taxonomy":"product_brand","embeddable":true,"href":"https:\/\/filtrosylubricantesbencal.cl\/ecommerce\/wp-json\/wp\/v2\/product_brand?post=8584"},{"taxonomy":"product_cat","embeddable":true,"href":"https:\/\/filtrosylubricantesbencal.cl\/ecommerce\/wp-json\/wp\/v2\/product_cat?post=8584"},{"taxonomy":"product_tag","embeddable":true,"href":"https:\/\/filtrosylubricantesbencal.cl\/ecommerce\/wp-json\/wp\/v2\/product_tag?post=8584"}],"curies":[{"name":"wp","href":"https:\/\/api.w.org\/{rel}","templated":true}]}}