{"id":8622,"date":"2026-01-29T15:37:49","date_gmt":"2026-01-29T15:37:49","guid":{"rendered":"https:\/\/filtrosylubricantesbencal.cl\/ecommerce\/?post_type=product&#038;p=8622"},"modified":"2026-01-29T16:03:02","modified_gmt":"2026-01-29T16:03:02","slug":"filtro-cp-25-150-mann","status":"publish","type":"product","link":"https:\/\/filtrosylubricantesbencal.cl\/ecommerce\/product\/filtro-cp-25-150-mann\/","title":{"rendered":"FILTRO CP25150 MANN"},"content":{"rendered":"<div class=\"cmp-product__description\">\n<h2>APLICACION:<\/h2>\n<ul>\n<li>TRACTORES : MARCA : LANDINI &#8211; NEW HOLLAND<\/li>\n<\/ul>\n<h2><\/h2>\n<h2 class=\"cmp-product__description-title cmp-product__description-title--normal productFullDetail__descriptionTitle productFullDetail__sectionTitle\">Descripci\u00f3n del producto<\/h2>\n<h2 class=\"cmp-product__description-title cmp-product__description-title--normal productFullDetail__descriptionTitle productFullDetail__sectionTitle\"><span style=\"font-size: 16px;\">Filtros de aire de alta calidad MANN-FILTER para un aire de admisi\u00f3n limpio &#8211; protecci\u00f3n \u00f3ptima para el motor, el sensor de masa de aire y otros componentes sensibles \/ Cumplen con los requisitos de la moderna tecnolog\u00eda del motor. Una elevada retenci\u00f3n y eficacia de separaci\u00f3n de suciedad, baja resistencia al flujo y alta estabilidad de pliegue garantizan fiabilidad funcional durante todo el intervalo de mantenimiento.<\/span><\/h2>\n<\/div>\n<div class=\"cmp-product__summary\">\n<div class=\"cmp-text\">\n<ul>\n<li>A = 181 mm; B = 250 mm; H = 148 mm<\/li>\n<li>elemento secundario\u00a0<a href=\"https:\/\/www.mann-filter.com\/es-es\/catalogo\/resultados-de-la-busqueda\/producto.html\/cf2120_mann-filter.html\">CF 2120<\/a><\/li>\n<\/ul>\n<\/div>\n<\/div>\n","protected":false},"excerpt":{"rendered":"<p>FILTRO DE AIRE EXTERIOR<\/p>\n<p>PARA TRACTORES LANDINI<\/p>\n<p>NEW HOLLAND<\/p>\n","protected":false},"featured_media":8623,"comment_status":"open","ping_status":"closed","template":"","meta":{"_joinchat":[]},"product_brand":[120],"product_cat":[36],"product_tag":[108],"class_list":{"0":"post-8622","1":"product","2":"type-product","3":"status-publish","4":"has-post-thumbnail","6":"product_brand-mann","7":"product_cat-filtros","8":"product_tag-filtro-aire","10":"first","11":"instock","12":"shipping-taxable","13":"purchasable","14":"product-type-simple"},"_links":{"self":[{"href":"https:\/\/filtrosylubricantesbencal.cl\/ecommerce\/wp-json\/wp\/v2\/product\/8622","targetHints":{"allow":["GET"]}}],"collection":[{"href":"https:\/\/filtrosylubricantesbencal.cl\/ecommerce\/wp-json\/wp\/v2\/product"}],"about":[{"href":"https:\/\/filtrosylubricantesbencal.cl\/ecommerce\/wp-json\/wp\/v2\/types\/product"}],"replies":[{"embeddable":true,"href":"https:\/\/filtrosylubricantesbencal.cl\/ecommerce\/wp-json\/wp\/v2\/comments?post=8622"}],"wp:featuredmedia":[{"embeddable":true,"href":"https:\/\/filtrosylubricantesbencal.cl\/ecommerce\/wp-json\/wp\/v2\/media\/8623"}],"wp:attachment":[{"href":"https:\/\/filtrosylubricantesbencal.cl\/ecommerce\/wp-json\/wp\/v2\/media?parent=8622"}],"wp:term":[{"taxonomy":"product_brand","embeddable":true,"href":"https:\/\/filtrosylubricantesbencal.cl\/ecommerce\/wp-json\/wp\/v2\/product_brand?post=8622"},{"taxonomy":"product_cat","embeddable":true,"href":"https:\/\/filtrosylubricantesbencal.cl\/ecommerce\/wp-json\/wp\/v2\/product_cat?post=8622"},{"taxonomy":"product_tag","embeddable":true,"href":"https:\/\/filtrosylubricantesbencal.cl\/ecommerce\/wp-json\/wp\/v2\/product_tag?post=8622"}],"curies":[{"name":"wp","href":"https:\/\/api.w.org\/{rel}","templated":true}]}}