{"id":8662,"date":"2026-02-03T21:34:50","date_gmt":"2026-02-03T21:34:50","guid":{"rendered":"https:\/\/filtrosylubricantesbencal.cl\/ecommerce\/?post_type=product&#038;p=8662"},"modified":"2026-02-03T21:36:48","modified_gmt":"2026-02-03T21:36:48","slug":"filtro-cu22028-mann","status":"publish","type":"product","link":"https:\/\/filtrosylubricantesbencal.cl\/ecommerce\/product\/filtro-cu22028-mann\/","title":{"rendered":"FILTRO CU22028 MANN"},"content":{"rendered":"<div class=\"cmp-product__description\">\n<h2 class=\"cmp-product__description-title cmp-product__description-title--normal productFullDetail__descriptionTitle productFullDetail__sectionTitle\">Descripci\u00f3n del producto<\/h2>\n<div class=\"cmp-product__description-text richText__root\" role=\"description\">\n<div class=\"cmp-text comp-text--standard\">\n<p class=\"cmp-text__paragraph\">Los filtros de habit\u00e1culo MANN-FILTER ofrecen casi el 100% de protecci\u00f3n contra part\u00edculas como el polen, el holl\u00edn diesel y la abrasi\u00f3n de los neum\u00e1ticos para un clima confortable en tu veh\u00edculo y protecci\u00f3n del sistema de aire acondicionado. Un ajuste exacto y una estanqueidad perfecta garantizan un rendimiento de filtraci\u00f3n constante durante toda la duraci\u00f3n de mantenimiento \/ Ventilaci\u00f3n \u00f3ptima del interior del veh\u00edculo gracias a un flujo de aire muy elevado.<\/p>\n<\/div>\n<\/div>\n<\/div>\n<div class=\"cmp-product__summary\">\n<div class=\"cmp-text\">\n<ul>\n<li>A = 216 mm; B = 200 mm; H = 32 mm<\/li>\n<li>Filtro de part\u00edculas<\/li>\n<li>ubicaci\u00f3n de la instalaci\u00f3n: Zona del pasajero detr\u00e1s de la guantera<\/li>\n<\/ul>\n<\/div>\n<\/div>\n","protected":false},"excerpt":{"rendered":"<p>FILTRO DE POLEN<\/p>\n<p>MERCEDES BENZ MODELOS:<\/p>\n<p>C200 &#8211; C220 &#8211; 250 &#8211; 300 DIESEL<\/p>\n","protected":false},"featured_media":8663,"comment_status":"open","ping_status":"closed","template":"","meta":{"_joinchat":[]},"product_brand":[120],"product_cat":[36],"product_tag":[126],"class_list":{"0":"post-8662","1":"product","2":"type-product","3":"status-publish","4":"has-post-thumbnail","6":"product_brand-mann","7":"product_cat-filtros","8":"product_tag-filtro-polen","10":"first","11":"instock","12":"shipping-taxable","13":"purchasable","14":"product-type-simple"},"_links":{"self":[{"href":"https:\/\/filtrosylubricantesbencal.cl\/ecommerce\/wp-json\/wp\/v2\/product\/8662","targetHints":{"allow":["GET"]}}],"collection":[{"href":"https:\/\/filtrosylubricantesbencal.cl\/ecommerce\/wp-json\/wp\/v2\/product"}],"about":[{"href":"https:\/\/filtrosylubricantesbencal.cl\/ecommerce\/wp-json\/wp\/v2\/types\/product"}],"replies":[{"embeddable":true,"href":"https:\/\/filtrosylubricantesbencal.cl\/ecommerce\/wp-json\/wp\/v2\/comments?post=8662"}],"wp:featuredmedia":[{"embeddable":true,"href":"https:\/\/filtrosylubricantesbencal.cl\/ecommerce\/wp-json\/wp\/v2\/media\/8663"}],"wp:attachment":[{"href":"https:\/\/filtrosylubricantesbencal.cl\/ecommerce\/wp-json\/wp\/v2\/media?parent=8662"}],"wp:term":[{"taxonomy":"product_brand","embeddable":true,"href":"https:\/\/filtrosylubricantesbencal.cl\/ecommerce\/wp-json\/wp\/v2\/product_brand?post=8662"},{"taxonomy":"product_cat","embeddable":true,"href":"https:\/\/filtrosylubricantesbencal.cl\/ecommerce\/wp-json\/wp\/v2\/product_cat?post=8662"},{"taxonomy":"product_tag","embeddable":true,"href":"https:\/\/filtrosylubricantesbencal.cl\/ecommerce\/wp-json\/wp\/v2\/product_tag?post=8662"}],"curies":[{"name":"wp","href":"https:\/\/api.w.org\/{rel}","templated":true}]}}