{"id":8676,"date":"2026-02-03T22:06:47","date_gmt":"2026-02-03T22:06:47","guid":{"rendered":"https:\/\/filtrosylubricantesbencal.cl\/ecommerce\/?post_type=product&#038;p=8676"},"modified":"2026-02-16T22:58:45","modified_gmt":"2026-02-16T22:58:45","slug":"filtro-cu22032-mann","status":"publish","type":"product","link":"https:\/\/filtrosylubricantesbencal.cl\/ecommerce\/product\/filtro-cu22032-mann\/","title":{"rendered":"FILTRO CU22032 MANN"},"content":{"rendered":"<p>APLICACION:<\/p>\n<div class=\"cmp-product__description\">\n<div class=\"cmp-product__description-text richText__root\" role=\"description\">\n<div class=\"cmp-text comp-text--standard\">\n<ul>\n<li>TOYOTA mod: Hilux 2.4 D 2015-&gt;, RAV 4 2.0 y 2.4 2019-&gt;<\/li>\n<\/ul>\n<p class=\"cmp-text__paragraph\">Los filtros de habit\u00e1culo MANN-FILTER ofrecen casi el 100% de protecci\u00f3n contra part\u00edculas como el polen, el holl\u00edn diesel y la abrasi\u00f3n de los neum\u00e1ticos para un clima confortable en tu veh\u00edculo y protecci\u00f3n del sistema de aire acondicionado. Un ajuste exacto y una estanqueidad perfecta garantizan un rendimiento de filtraci\u00f3n constante durante toda la duraci\u00f3n de mantenimiento \/ Ventilaci\u00f3n \u00f3ptima del interior del veh\u00edculo gracias a un flujo de aire muy elevado.<\/p>\n<\/div>\n<\/div>\n<\/div>\n<div class=\"cmp-product__summary\">\n<div class=\"cmp-text\">\n<ul>\n<li>A = 216 mm; B = 186 mm; H = 30 mm<\/li>\n<li>Filtro de part\u00edculas<\/li>\n<\/ul>\n<p>&nbsp;<\/p>\n<\/div>\n<\/div>\n","protected":false},"excerpt":{"rendered":"<p>FILTRO DE AIRE POLEN<\/p>\n<p>TOYOTA HILUX &#8211; MAZDA CX-9<\/p>\n<p>&nbsp;<\/p>\n","protected":false},"featured_media":8745,"comment_status":"open","ping_status":"closed","template":"","meta":{"_joinchat":[]},"product_brand":[120],"product_cat":[36],"product_tag":[126],"class_list":{"0":"post-8676","1":"product","2":"type-product","3":"status-publish","4":"has-post-thumbnail","6":"product_brand-mann","7":"product_cat-filtros","8":"product_tag-filtro-polen","10":"first","11":"instock","12":"shipping-taxable","13":"purchasable","14":"product-type-simple"},"_links":{"self":[{"href":"https:\/\/filtrosylubricantesbencal.cl\/ecommerce\/wp-json\/wp\/v2\/product\/8676","targetHints":{"allow":["GET"]}}],"collection":[{"href":"https:\/\/filtrosylubricantesbencal.cl\/ecommerce\/wp-json\/wp\/v2\/product"}],"about":[{"href":"https:\/\/filtrosylubricantesbencal.cl\/ecommerce\/wp-json\/wp\/v2\/types\/product"}],"replies":[{"embeddable":true,"href":"https:\/\/filtrosylubricantesbencal.cl\/ecommerce\/wp-json\/wp\/v2\/comments?post=8676"}],"wp:featuredmedia":[{"embeddable":true,"href":"https:\/\/filtrosylubricantesbencal.cl\/ecommerce\/wp-json\/wp\/v2\/media\/8745"}],"wp:attachment":[{"href":"https:\/\/filtrosylubricantesbencal.cl\/ecommerce\/wp-json\/wp\/v2\/media?parent=8676"}],"wp:term":[{"taxonomy":"product_brand","embeddable":true,"href":"https:\/\/filtrosylubricantesbencal.cl\/ecommerce\/wp-json\/wp\/v2\/product_brand?post=8676"},{"taxonomy":"product_cat","embeddable":true,"href":"https:\/\/filtrosylubricantesbencal.cl\/ecommerce\/wp-json\/wp\/v2\/product_cat?post=8676"},{"taxonomy":"product_tag","embeddable":true,"href":"https:\/\/filtrosylubricantesbencal.cl\/ecommerce\/wp-json\/wp\/v2\/product_tag?post=8676"}],"curies":[{"name":"wp","href":"https:\/\/api.w.org\/{rel}","templated":true}]}}