{"id":8710,"date":"2026-02-10T22:26:47","date_gmt":"2026-02-10T22:26:47","guid":{"rendered":"https:\/\/filtrosylubricantesbencal.cl\/ecommerce\/?post_type=product&#038;p=8710"},"modified":"2026-02-10T22:26:47","modified_gmt":"2026-02-10T22:26:47","slug":"filtro-hu7008z-mann","status":"publish","type":"product","link":"https:\/\/filtrosylubricantesbencal.cl\/ecommerce\/product\/filtro-hu7008z-mann\/","title":{"rendered":"FILTRO HU7008z MANN"},"content":{"rendered":"<div class=\"cmp-product__description\">\n<h2 class=\"cmp-product__description-title cmp-product__description-title--normal productFullDetail__descriptionTitle productFullDetail__sectionTitle\">Descripci\u00f3n del producto<\/h2>\n<div class=\"cmp-product__description-text richText__root\" role=\"description\">\n<div class=\"cmp-text comp-text--standard\">\n<p class=\"cmp-text__paragraph\">Filtro de aceite MANN-FILTER: La m\u00e1xima potencia de filtrado y una limpieza \u00f3ptima protegen el motor frente al desgaste ocasionado por part\u00edculas de suciedad y residuos de combusti\u00f3n en el aceite. Los medios filtrantes adaptados a una finalidad de uso concreta y los materiales de sellado de alta calidad ofrecen una protecci\u00f3n \u00f3ptima durante todo el intervalo de mantenimiento establecido.<\/p>\n<p class=\"cmp-text__paragraph\">Este producto, en comparaci\u00f3n con su versi\u00f3n anterior, est\u00e1 equipado con caracter\u00edsticas que conducen a una mayor compatibilidad ambiental mientras mantiene una calidad de primera clase (V\u00e1lido \u00fanicamente para productos con el pictograma de la hoja verde<\/p>\n<\/div>\n<\/div>\n<\/div>\n<div class=\"cmp-product__summary\">\n<div class=\"cmp-text\">\n<ul>\n<li>A = 63 mm; B = 28 mm; C = 28 mm; H = 100 mm<\/li>\n<li>con junta<\/li>\n<li>VW mod. Amarok 2.0TDI. 2010 -&gt; AUDI mod.: A1, A3, A4 TDI Nro. Parte: .03L 115 562<\/li>\n<\/ul>\n<\/div>\n<\/div>\n","protected":false},"excerpt":{"rendered":"<p>FILTRO DE ACEITE MOTOR<\/p>\n<p>AMAROK 2.0 CC 2010<\/p>\n<p>AUDI A1 &#8211; A3 &#8211; A4 &#8211; TDI<\/p>\n<p>&nbsp;<\/p>\n","protected":false},"featured_media":8711,"comment_status":"open","ping_status":"closed","template":"","meta":{"_joinchat":[]},"product_brand":[120],"product_cat":[36],"product_tag":[107],"class_list":{"0":"post-8710","1":"product","2":"type-product","3":"status-publish","4":"has-post-thumbnail","6":"product_brand-mann","7":"product_cat-filtros","8":"product_tag-aceite-motor","10":"first","11":"instock","12":"shipping-taxable","13":"purchasable","14":"product-type-simple"},"_links":{"self":[{"href":"https:\/\/filtrosylubricantesbencal.cl\/ecommerce\/wp-json\/wp\/v2\/product\/8710","targetHints":{"allow":["GET"]}}],"collection":[{"href":"https:\/\/filtrosylubricantesbencal.cl\/ecommerce\/wp-json\/wp\/v2\/product"}],"about":[{"href":"https:\/\/filtrosylubricantesbencal.cl\/ecommerce\/wp-json\/wp\/v2\/types\/product"}],"replies":[{"embeddable":true,"href":"https:\/\/filtrosylubricantesbencal.cl\/ecommerce\/wp-json\/wp\/v2\/comments?post=8710"}],"wp:featuredmedia":[{"embeddable":true,"href":"https:\/\/filtrosylubricantesbencal.cl\/ecommerce\/wp-json\/wp\/v2\/media\/8711"}],"wp:attachment":[{"href":"https:\/\/filtrosylubricantesbencal.cl\/ecommerce\/wp-json\/wp\/v2\/media?parent=8710"}],"wp:term":[{"taxonomy":"product_brand","embeddable":true,"href":"https:\/\/filtrosylubricantesbencal.cl\/ecommerce\/wp-json\/wp\/v2\/product_brand?post=8710"},{"taxonomy":"product_cat","embeddable":true,"href":"https:\/\/filtrosylubricantesbencal.cl\/ecommerce\/wp-json\/wp\/v2\/product_cat?post=8710"},{"taxonomy":"product_tag","embeddable":true,"href":"https:\/\/filtrosylubricantesbencal.cl\/ecommerce\/wp-json\/wp\/v2\/product_tag?post=8710"}],"curies":[{"name":"wp","href":"https:\/\/api.w.org\/{rel}","templated":true}]}}