{"id":8716,"date":"2026-02-10T22:33:08","date_gmt":"2026-02-10T22:33:08","guid":{"rendered":"https:\/\/filtrosylubricantesbencal.cl\/ecommerce\/?post_type=product&#038;p=8716"},"modified":"2026-02-10T22:33:08","modified_gmt":"2026-02-10T22:33:08","slug":"filtro-hu7032z-mann","status":"publish","type":"product","link":"https:\/\/filtrosylubricantesbencal.cl\/ecommerce\/product\/filtro-hu7032z-mann\/","title":{"rendered":"FILTRO HU7032z MANN"},"content":{"rendered":"<div class=\"cmp-product__description\">\n<h2 class=\"cmp-product__description-title cmp-product__description-title--normal productFullDetail__descriptionTitle productFullDetail__sectionTitle\">Descripci\u00f3n del producto<\/h2>\n<div class=\"cmp-product__description-text richText__root\" role=\"description\">\n<div class=\"cmp-text comp-text--standard\">\n<p class=\"cmp-text__paragraph\">Filtro de aceite MANN-FILTER: La m\u00e1xima potencia de filtrado y una limpieza \u00f3ptima protegen el motor frente al desgaste ocasionado por part\u00edculas de suciedad y residuos de combusti\u00f3n en el aceite. Los medios filtrantes adaptados a una finalidad de uso concreta y los materiales de sellado de alta calidad ofrecen una protecci\u00f3n \u00f3ptima durante todo el intervalo de mantenimiento establecido.<\/p>\n<\/div>\n<\/div>\n<\/div>\n<div class=\"cmp-product__summary\">\n<div class=\"cmp-text\">\n<ul>\n<li>A = 64 mm; B = 24 mm; C = 31 mm; D = 64 mm; H = 75 mm<\/li>\n<li>con junta<\/li>\n<li>CITROEN mods.: Todos c\/mot. 1.5 Blue HDi 2018-&gt; PEUGEOT mods.:Todos c\/mot. 1.5 Blue<br \/>\nHDi 2018-&gt; DS Automobiles, FORD Nro. Parte: 9814560680,16 247 977 80<\/li>\n<\/ul>\n<\/div>\n<\/div>\n","protected":false},"excerpt":{"rendered":"<p>FILTRO DE ACEITE MOTOR<\/p>\n<p>CITROEN CON MOTOR 1.5 CC 2018<\/p>\n<p>PEUGEOT CON MOTOR 1.5 CC 2018<\/p>\n<p>FORD N\u00b0 PARTE 9814560680,16 247 977 80<\/p>\n<p>&nbsp;<\/p>\n","protected":false},"featured_media":0,"comment_status":"open","ping_status":"closed","template":"","meta":{"_joinchat":[]},"product_brand":[120],"product_cat":[36],"product_tag":[107],"class_list":{"0":"post-8716","1":"product","2":"type-product","3":"status-publish","5":"product_brand-mann","6":"product_cat-filtros","7":"product_tag-aceite-motor","9":"first","10":"instock","11":"shipping-taxable","12":"purchasable","13":"product-type-simple"},"_links":{"self":[{"href":"https:\/\/filtrosylubricantesbencal.cl\/ecommerce\/wp-json\/wp\/v2\/product\/8716","targetHints":{"allow":["GET"]}}],"collection":[{"href":"https:\/\/filtrosylubricantesbencal.cl\/ecommerce\/wp-json\/wp\/v2\/product"}],"about":[{"href":"https:\/\/filtrosylubricantesbencal.cl\/ecommerce\/wp-json\/wp\/v2\/types\/product"}],"replies":[{"embeddable":true,"href":"https:\/\/filtrosylubricantesbencal.cl\/ecommerce\/wp-json\/wp\/v2\/comments?post=8716"}],"wp:attachment":[{"href":"https:\/\/filtrosylubricantesbencal.cl\/ecommerce\/wp-json\/wp\/v2\/media?parent=8716"}],"wp:term":[{"taxonomy":"product_brand","embeddable":true,"href":"https:\/\/filtrosylubricantesbencal.cl\/ecommerce\/wp-json\/wp\/v2\/product_brand?post=8716"},{"taxonomy":"product_cat","embeddable":true,"href":"https:\/\/filtrosylubricantesbencal.cl\/ecommerce\/wp-json\/wp\/v2\/product_cat?post=8716"},{"taxonomy":"product_tag","embeddable":true,"href":"https:\/\/filtrosylubricantesbencal.cl\/ecommerce\/wp-json\/wp\/v2\/product_tag?post=8716"}],"curies":[{"name":"wp","href":"https:\/\/api.w.org\/{rel}","templated":true}]}}