{"id":8717,"date":"2026-02-10T22:41:46","date_gmt":"2026-02-10T22:41:46","guid":{"rendered":"https:\/\/filtrosylubricantesbencal.cl\/ecommerce\/?post_type=product&#038;p=8717"},"modified":"2026-02-10T22:41:46","modified_gmt":"2026-02-10T22:41:46","slug":"filtro-hu7027z-mann","status":"publish","type":"product","link":"https:\/\/filtrosylubricantesbencal.cl\/ecommerce\/product\/filtro-hu7027z-mann\/","title":{"rendered":"FILTRO HU7027z MANN"},"content":{"rendered":"<div class=\"cmp-product__description\">\n<h2 class=\"cmp-product__description-title cmp-product__description-title--normal productFullDetail__descriptionTitle productFullDetail__sectionTitle\">Descripci\u00f3n del producto<\/h2>\n<div class=\"cmp-product__description-text richText__root\" role=\"description\">\n<div class=\"cmp-text comp-text--standard\">\n<p class=\"cmp-text__paragraph\">Filtro de aceite MANN-FILTER: La m\u00e1xima potencia de filtrado y una limpieza \u00f3ptima protegen el motor frente al desgaste ocasionado por part\u00edculas de suciedad y residuos de combusti\u00f3n en el aceite. Los medios filtrantes adaptados a una finalidad de uso concreta y los materiales de sellado de alta calidad ofrecen una protecci\u00f3n \u00f3ptima durante todo el intervalo de mantenimiento establecido.<\/p>\n<\/div>\n<\/div>\n<\/div>\n<div class=\"cmp-product__summary\">\n<div class=\"cmp-text\">\n<ul>\n<li>A = 64 mm; B = 25 mm; C = 25 mm; H = 131 mm<\/li>\n<li>con junta<\/li>\n<li>HYUNDAI mod. Santa Fe 2.2 CRDi, KIA mod. Sorento, Grand Carnival 2.2 CRDi, 2010 -&gt; Nro.<br \/>\nParte: 26320-2F00o<\/li>\n<\/ul>\n<\/div>\n<\/div>\n","protected":false},"excerpt":{"rendered":"<p>FILTRO DE ACEITE MOTOR<\/p>\n<p>HYUNDAI SANTA F\u00c9 2.2 CC &#8211; SORENTO<\/p>\n<p>GRAN CARNIVAL 2.2 CC CRDI 2010<\/p>\n","protected":false},"featured_media":0,"comment_status":"open","ping_status":"closed","template":"","meta":{"_joinchat":[]},"product_brand":[120],"product_cat":[36],"product_tag":[107],"class_list":{"0":"post-8717","1":"product","2":"type-product","3":"status-publish","5":"product_brand-mann","6":"product_cat-filtros","7":"product_tag-aceite-motor","9":"first","10":"instock","11":"shipping-taxable","12":"purchasable","13":"product-type-simple"},"_links":{"self":[{"href":"https:\/\/filtrosylubricantesbencal.cl\/ecommerce\/wp-json\/wp\/v2\/product\/8717","targetHints":{"allow":["GET"]}}],"collection":[{"href":"https:\/\/filtrosylubricantesbencal.cl\/ecommerce\/wp-json\/wp\/v2\/product"}],"about":[{"href":"https:\/\/filtrosylubricantesbencal.cl\/ecommerce\/wp-json\/wp\/v2\/types\/product"}],"replies":[{"embeddable":true,"href":"https:\/\/filtrosylubricantesbencal.cl\/ecommerce\/wp-json\/wp\/v2\/comments?post=8717"}],"wp:attachment":[{"href":"https:\/\/filtrosylubricantesbencal.cl\/ecommerce\/wp-json\/wp\/v2\/media?parent=8717"}],"wp:term":[{"taxonomy":"product_brand","embeddable":true,"href":"https:\/\/filtrosylubricantesbencal.cl\/ecommerce\/wp-json\/wp\/v2\/product_brand?post=8717"},{"taxonomy":"product_cat","embeddable":true,"href":"https:\/\/filtrosylubricantesbencal.cl\/ecommerce\/wp-json\/wp\/v2\/product_cat?post=8717"},{"taxonomy":"product_tag","embeddable":true,"href":"https:\/\/filtrosylubricantesbencal.cl\/ecommerce\/wp-json\/wp\/v2\/product_tag?post=8717"}],"curies":[{"name":"wp","href":"https:\/\/api.w.org\/{rel}","templated":true}]}}