{"id":8718,"date":"2026-02-10T22:48:16","date_gmt":"2026-02-10T22:48:16","guid":{"rendered":"https:\/\/filtrosylubricantesbencal.cl\/ecommerce\/?post_type=product&#038;p=8718"},"modified":"2026-02-10T22:48:37","modified_gmt":"2026-02-10T22:48:37","slug":"filtro-hu711-51x-mann","status":"publish","type":"product","link":"https:\/\/filtrosylubricantesbencal.cl\/ecommerce\/product\/filtro-hu711-51x-mann\/","title":{"rendered":"FILTRO HU711\/51x MANN"},"content":{"rendered":"<div class=\"cmp-product__description\">\n<h2 class=\"cmp-product__description-title cmp-product__description-title--normal productFullDetail__descriptionTitle productFullDetail__sectionTitle\">Sobre este producto<\/h2>\n<div class=\"cmp-product__description-text richText__root\" role=\"description\">\n<div class=\"cmp-text comp-text--standard\">\n<p class=\"cmp-text__paragraph\">Filtro de aceite MANN-FILTER: La m\u00e1xima potencia de filtrado y una limpieza \u00f3ptima protegen el motor frente al desgaste ocasionado por part\u00edculas de suciedad y residuos de combusti\u00f3n en el aceite. Los medios filtrantes adaptados a una finalidad de uso concreta y los materiales de sellado de alta calidad ofrecen una protecci\u00f3n \u00f3ptima durante todo el intervalo de mantenimiento establecido.<\/p>\n<\/div>\n<\/div>\n<\/div>\n<div class=\"cmp-product__summary\">\n<div class=\"cmp-text\">\n<ul>\n<li>A = 64 mm; B = 29 mm; C = 29 mm; H = 69 mm<\/li>\n<li>CITROEN Mod.: C2, C3, C4, C5, Berlingo, 2005-&gt;; Nro. Parte: 1109-Z2<br \/>\nPEUGEOT Mod.: 206, 307, 407, 607, Partner, 2005-&gt;; Nro. Parte: 1109-X3<\/li>\n<\/ul>\n<\/div>\n<\/div>\n","protected":false},"excerpt":{"rendered":"<p>FILTRO DE ACEITE MOTOR<\/p>\n<p>PEUGEOT &#8211; CITROEN<\/p>\n","protected":false},"featured_media":0,"comment_status":"open","ping_status":"closed","template":"","meta":{"_joinchat":[]},"product_brand":[120],"product_cat":[36],"product_tag":[107],"class_list":{"0":"post-8718","1":"product","2":"type-product","3":"status-publish","5":"product_brand-mann","6":"product_cat-filtros","7":"product_tag-aceite-motor","9":"first","10":"instock","11":"shipping-taxable","12":"purchasable","13":"product-type-simple"},"_links":{"self":[{"href":"https:\/\/filtrosylubricantesbencal.cl\/ecommerce\/wp-json\/wp\/v2\/product\/8718","targetHints":{"allow":["GET"]}}],"collection":[{"href":"https:\/\/filtrosylubricantesbencal.cl\/ecommerce\/wp-json\/wp\/v2\/product"}],"about":[{"href":"https:\/\/filtrosylubricantesbencal.cl\/ecommerce\/wp-json\/wp\/v2\/types\/product"}],"replies":[{"embeddable":true,"href":"https:\/\/filtrosylubricantesbencal.cl\/ecommerce\/wp-json\/wp\/v2\/comments?post=8718"}],"wp:attachment":[{"href":"https:\/\/filtrosylubricantesbencal.cl\/ecommerce\/wp-json\/wp\/v2\/media?parent=8718"}],"wp:term":[{"taxonomy":"product_brand","embeddable":true,"href":"https:\/\/filtrosylubricantesbencal.cl\/ecommerce\/wp-json\/wp\/v2\/product_brand?post=8718"},{"taxonomy":"product_cat","embeddable":true,"href":"https:\/\/filtrosylubricantesbencal.cl\/ecommerce\/wp-json\/wp\/v2\/product_cat?post=8718"},{"taxonomy":"product_tag","embeddable":true,"href":"https:\/\/filtrosylubricantesbencal.cl\/ecommerce\/wp-json\/wp\/v2\/product_tag?post=8718"}],"curies":[{"name":"wp","href":"https:\/\/api.w.org\/{rel}","templated":true}]}}